{"id":9,"date":"2017-04-03T11:01:45","date_gmt":"2017-04-03T11:01:45","guid":{"rendered":"http:\/\/coup.tkdvl.com\/?page_id=9"},"modified":"2024-12-14T16:16:31","modified_gmt":"2024-12-14T15:16:31","slug":"a-propos","status":"publish","type":"page","link":"https:\/\/imagessecondes.fr\/index.php\/a-propos\/","title":{"rendered":"\u00c0 propos"},"content":{"rendered":"<h3><strong>\u00c0 propos<\/strong><\/h3>\n<p style=\"text-align: justify;\">La revue <em>Images secondes<\/em> vise \u00e0 explorer les mutations du cin\u00e9ma \u00e0 travers l\u2019analyse de ses sp\u00e9cificit\u00e9s esth\u00e9tiques, historiques et technologiques, envisag\u00e9e au prisme des autres arts et des sciences humaines. Dans un contexte d\u2019ouverture disciplinaire et tourn\u00e9e vers l\u2019expression d\u2019une pens\u00e9e contemporaine,<em> Images secondes<\/em> se positionne au c\u0153ur des pratiques et des recherches en cin\u00e9ma par la mise en regard des objets filmiques avec l\u2019actualit\u00e9 des soci\u00e9t\u00e9s. Revue annuelle \u00e0 comit\u00e9 de lecture, structur\u00e9e autour d\u2019un th\u00e8me directeur propre \u00e0 chaque volume, <em>Images secondes<\/em> est con\u00e7ue et dirig\u00e9e par des chercheuses en \u00e9tudes cin\u00e9matographiques et audiovisuelles.<\/p>\n<h3><strong>Modalit\u00e9s de soumission et d&rsquo;\u00e9valuation des articles<\/strong><\/h3>\n<p>Les propositions de contribution devront \u00eatre envoy\u00e9es en format PDF \u00e0 articles[at]imagessecondes.fr, suivant le calendrier de l&rsquo;appel \u00e0 contribution. Ces propositions, transmises en fichier attach\u00e9, seront compos\u00e9es d\u2019un titre, d\u2019un r\u00e9sum\u00e9 de 2\u00a0000 signes maximum, d&rsquo;une bibliographie s\u00e9lective et, sur un document \u00e0 part, d&rsquo;une br\u00e8ve biographie de l\u2019auteur.e (150\u00a0mots maximum).<\/p>\n<p>Les propositions de contribution, anonymis\u00e9es par le comit\u00e9 de r\u00e9daction, seront lues et s\u00e9lectionn\u00e9es \u00e0 l&rsquo;aveugle par les r\u00e9dacteurices en chef du num\u00e9ro.<\/p>\n<p>Apr\u00e8s acceptation de la proposition, les articles (entre 20\u00a0000 et 35\u00a0000 signes) devront \u00eatre soumis par voie \u00e9lectronique suivant le calendrier donn\u00e9 par les r\u00e9dacteurices en chef du num\u00e9ro. Chaque article sera expertis\u00e9 \u00e0 l&rsquo;aveugle par deux membres d&rsquo;un comit\u00e9 scientifique recrut\u00e9 pour sa connaissance du sujet et issu du milieu universitaire. \u00c0 la suite de cette expertise, des modifications pourront \u00eatre demand\u00e9es \u00e0 l&rsquo;auteurice. Les r\u00e9dacteurices en chef se r\u00e9servent le droit de ne pas publier un article qui, apr\u00e8s modifications, ne leur para\u00eet toujours pas correspondre au niveau scientifique requis pour figurer dans la revue.<\/p>\n<p>Les articles seront publi\u00e9s sur le site internet de la revue <em>Images secondes<\/em>, sous licence Creative commons non commercial (<a href=\"https:\/\/creativecommons.org\/licenses\/by-nc-nd\/2.0\/fr\/\" target=\"_blank\" rel=\"noopener\">CC BY-NC-ND 2.0 FR<\/a>).<\/p>\n<hr \/>\n<h5><strong>Comit\u00e9 de r\u00e9daction de la revue<\/strong><\/h5>\n<p><strong>Marion Carrot,<\/strong> docteure en \u00e9tudes cin\u00e9matographiques et en \u00e9tudes en danse, Universit\u00e9 Paris 8 \u2014Vincennes-Saint-Denis\u00a0<span style=\"color: #ff5e3a;\">\u2014\u2014<\/span> <strong>Florence Ch\u00e9ron, <\/strong>docteure en \u00e9tudes cin\u00e9matographiques, Universit\u00e9 Paris 8 \u2014 Vincennes-Saint-Denis <span style=\"color: #ff5e3a;\">\u2014\u2014<\/span> <strong>Lydie Delahaye,<\/strong>\u00a0MCF, Universit\u00e9 Paris 1 \u2014 Panth\u00e9on Sorbonne <span style=\"color: #ff5e3a;\">\u2014\u2014\u00a0<\/span><strong>B\u00e1rbara Janicas, <\/strong>docteure en \u00e9tudes cin\u00e9matographiques et ATER, Universit\u00e9 Paris 8 \u2014 Vincennes-Saint-Denis (ESTCA)\u00a0<span style=\"color: #ff5e3a;\">\u2014\u2014\u00a0<\/span><strong>\u00c9line Grignard,<\/strong> docteure en \u00e9tudes cin\u00e9matographiques, Universit\u00e9 Paris 3 \u2014Sorbonne Nouvelle (LIRA).<\/p>\n<hr \/>\n<h5><strong>R\u00e9dacteur.rices en chef, contributeur.rices et comit\u00e9 scientifique<\/strong><\/h5>\n<p><span style=\"color: #cf2e2e;\"><strong><a style=\"color: #cf2e2e;\" href=\"https:\/\/wp.me\/P9TfUI-Ai\">01 | 2018 Danse &amp; cin\u00e9ma, la recherche en mouvement<\/a><\/strong><\/span><\/p>\n<p><span style=\"color: #cf2e2e;\"><a style=\"color: #cf2e2e;\" href=\"http:\/\/imagessecondes.fr\/index.php\/contributeur-rices-02-2019\/\"><strong>02 | 2020 Puissances architectoniques du cin\u00e9ma<\/strong><\/a><\/span><\/p>\n<p><span style=\"color: #cf2e2e;\"><a style=\"color: #cf2e2e;\" href=\"http:\/\/imagessecondes.fr\/index.php\/contributeurs-03-2022-post-cinema\/\" target=\"_blank\" rel=\"noopener\"><strong>03 | 2022 Post-cin\u00e9ma. <\/strong><strong>Pratiques de recherche et de cr\u00e9ation<\/strong><\/a><\/span><\/p>\n<p><span style=\"color: #cf2e2e;\"><strong>04 | 2022 Approches postcoloniales et d\u00e9coloniales du cin\u00e9ma (bient\u00f4t)<\/strong><\/span><\/p>\n<hr \/>\n<h5><strong>\u00c9diteur<\/strong><\/h5>\n<p><strong>Association Images secondes<\/strong>, Paris, France.<\/p>\n<hr \/>\n<h5><strong data-rich-text-format-boundary=\"true\">Avec le soutien de\u00a0 \u00a0 \u00a0 \u00a0<\/strong><\/h5>\n<h5><strong data-rich-text-format-boundary=\"true\"><img decoding=\"async\" class=\"alignnone  wp-image-5843\" src=\"http:\/\/imagessecondes.fr\/wp-content\/uploads\/2022\/03\/logo-estca-300x99.png\" alt=\"\" width=\"248\" height=\"82\" srcset=\"https:\/\/imagessecondes.fr\/wp-content\/uploads\/2022\/03\/logo-estca-300x99.png 300w, https:\/\/imagessecondes.fr\/wp-content\/uploads\/2022\/03\/logo-estca-280x93.png 280w, https:\/\/imagessecondes.fr\/wp-content\/uploads\/2022\/03\/logo-estca.png 389w\" sizes=\"(max-width: 248px) 100vw, 248px\" \/><\/strong><\/h5>\n\n\n<p class=\"has-text-align-right has-vivid-red-color has-text-color\"><a href=\"https:\/\/www.facebook.com\/ImagesSecondes\/\"><strong>Suivez-nous sur Facebook !<\/strong><\/a><\/p>\n","protected":false},"excerpt":{"rendered":"<p>\u00c0 propos La revue Images secondes vise \u00e0 explorer les mutations du cin\u00e9ma \u00e0 travers l\u2019analyse de ses sp\u00e9cificit\u00e9s esth\u00e9tiques, historiques et technologiques, envisag\u00e9e au prisme des autres arts et des sciences humaines. Dans un contexte d\u2019ouverture disciplinaire et tourn\u00e9e vers l\u2019expression d\u2019une pens\u00e9e contemporaine, Images secondes se positionne au c\u0153ur des pratiques et des<\/p>\n","protected":false},"author":3,"featured_media":0,"parent":0,"menu_order":0,"comment_status":"closed","ping_status":"closed","template":"","meta":{"_exactmetrics_skip_tracking":false,"_exactmetrics_sitenote_active":false,"_exactmetrics_sitenote_note":"","_exactmetrics_sitenote_category":0,"footnotes":""},"class_list":["post-9","page","type-page","status-publish","hentry"],"jetpack_shortlink":"https:\/\/wp.me\/P9TfUI-9","jetpack_sharing_enabled":true,"_links":{"self":[{"href":"https:\/\/imagessecondes.fr\/index.php\/wp-json\/wp\/v2\/pages\/9","targetHints":{"allow":["GET"]}}],"collection":[{"href":"https:\/\/imagessecondes.fr\/index.php\/wp-json\/wp\/v2\/pages"}],"about":[{"href":"https:\/\/imagessecondes.fr\/index.php\/wp-json\/wp\/v2\/types\/page"}],"author":[{"embeddable":true,"href":"https:\/\/imagessecondes.fr\/index.php\/wp-json\/wp\/v2\/users\/3"}],"replies":[{"embeddable":true,"href":"https:\/\/imagessecondes.fr\/index.php\/wp-json\/wp\/v2\/comments?post=9"}],"version-history":[{"count":64,"href":"https:\/\/imagessecondes.fr\/index.php\/wp-json\/wp\/v2\/pages\/9\/revisions"}],"predecessor-version":[{"id":6918,"href":"https:\/\/imagessecondes.fr\/index.php\/wp-json\/wp\/v2\/pages\/9\/revisions\/6918"}],"wp:attachment":[{"href":"https:\/\/imagessecondes.fr\/index.php\/wp-json\/wp\/v2\/media?parent=9"}],"curies":[{"name":"wp","href":"https:\/\/api.w.org\/{rel}","templated":true}]}}