{"id":7702,"date":"2025-12-28T14:14:19","date_gmt":"2025-12-28T13:14:19","guid":{"rendered":"https:\/\/imagessecondes.fr\/?page_id=7702"},"modified":"2026-01-16T17:08:45","modified_gmt":"2026-01-16T16:08:45","slug":"05-2025-images-operationnelles","status":"publish","type":"page","link":"https:\/\/imagessecondes.fr\/index.php\/05-2025-images-operationnelles\/","title":{"rendered":"05 | 2025 Images op\u00e9rationnelles\u00a0:\u00a0agencements utilitaires des images en mouvement"},"content":{"rendered":"\n<h4 class=\"wp-block-heading has-vivid-red-color has-text-color has-link-color wp-elements-508e7e3992bc21f336728a5ea96ebda7\" id=\"03-2022-post-cinema-pratiques-de-recherche-et-de-creation\" style=\"font-size:30px\">R\u00e9dacteurices en chef du num\u00e9ro<br><strong>Guilherme da Silva Machado &amp; Anne-Katrin Weber<\/strong><\/h4>\n\n\n\n<hr class=\"wp-block-separator has-css-opacity is-style-wide\"\/>\n\n\n\n<p>Ce num\u00e9ro d\u2019<em>Images secondes<\/em> cherche \u00e0 explorer le paradigme op\u00e9rationnel du point de vue des \u00e9tudes cin\u00e9matographiques, en proposant un pont entre la recherche francophone et des d\u00e9bats qui se d\u00e9roulent actuellement principalement dans des sph\u00e8res non francophones (notamment en anglais et en allemand). Il s\u2019agit \u00e0 la fois de montrer l\u2019\u00e9mergence d\u2019un domaine d\u2019\u00e9tudes \u00e0 l\u2019intersection de plusieurs disciplines qui s\u2019int\u00e9ressent aux m\u00e9dias (audio)visuels, et de faire conna\u00eetre des chercheurs et chercheuses francophones qui se penchent actuellement sur les enjeux esth\u00e9tiques, \u00e9pist\u00e9miques et politiques des images op\u00e9rationnelles, contribuant aux d\u00e9bats internationaux avec une pluralit\u00e9 d\u2019approches et de champs d\u2019investigation.<\/p>\n\n\n\n<hr class=\"wp-block-separator has-css-opacity is-style-wide\"\/>\n\n\n\n<p class=\"has-black-color has-text-color has-link-color has-medium-font-size wp-elements-664a8fc5d5373def988a31be466c151e\"><strong>Guilherme da Silva Machado &amp; Anne-Katrin Weber<strong><strong><span style=\"color: #CF2E2E;\">\u2014\u2014<\/span><\/strong><\/strong>\u00a0<\/strong><a href=\"https:\/\/imagessecondes.fr\/index.php\/2025\/11\/introduction-3\/\" target=\"_blank\" rel=\"noreferrer noopener\">Introduction<\/a><\/p>\n\n\n\n<p class=\"has-medium-font-size\"><strong>Marie Sandoz<\/strong> <strong><strong><strong><span style=\"color: #CF2E2E;\">\u2014\u2014<\/span><\/strong><\/strong><\/strong> <a href=\"https:\/\/imagessecondes.fr\/index.php\/2025\/12\/sandoz\/\" target=\"_blank\" rel=\"noreferrer noopener\">T\u00e9l\u00e9vision et ordinateur au march\u00e9 alimentaire de Paris-Rungis (1953-1973)&nbsp;: pour une histoire des images (in)op\u00e9rantes<\/a><\/p>\n\n\n\n<p class=\"has-black-color has-text-color has-link-color has-medium-font-size wp-elements-dae0862e41f4a792f5580eb8d0155ba9\"><strong>Olivier Zuchuat <strong><strong><span style=\"color: #CF2E2E;\">\u2014\u2014<\/span><\/strong> <\/strong><\/strong><a href=\"https:\/\/imagessecondes.fr\/index.php\/2025\/12\/zuchuat\/\" target=\"_blank\" rel=\"noreferrer noopener\">Images op\u00e9rationnelles et images d\u2019op\u00e9rations. De l\u2019usage des drones et des&nbsp;<em>action cams&nbsp;<\/em>sur le front ukraino-russe<\/a><\/p>\n\n\n\n<p class=\"has-medium-font-size\"><strong>Nina Pillet <strong><span style=\"color: #CF2E2E;\">\u2014\u2014<\/span><\/strong> <\/strong><a href=\"https:\/\/imagessecondes.fr\/index.php\/2025\/12\/pillet\/\" target=\"_blank\" rel=\"noreferrer noopener\">Visualiser le trou noir M87 : persistance des images-outils dans l\u2019image-preuve<\/a><\/p>\n\n\n\n<p class=\"has-medium-font-size\"><strong><strong>Johan Schollaert<\/strong> <strong><span style=\"color: #CF2E2E;\">\u2014\u2014<\/span><\/strong> <\/strong><a href=\"https:\/\/imagessecondes.fr\/index.php\/2025\/12\/schollaert\/\" target=\"_blank\" rel=\"noreferrer noopener\">Les spectres d\u00e9j\u00e0 parmi nous.&nbsp;\u00c9l\u00e9ments pour une g\u00e9n\u00e9alogie de l\u2019imagerie holographique<\/a><\/p>\n\n\n\n<p class=\"has-medium-font-size\"><strong>Stefanie Br\u00e4uer<\/strong>&nbsp;<strong><strong><strong><span style=\"color: #CF2E2E;\">\u2014\u2014<\/span><\/strong><\/strong><\/strong>&nbsp;<a href=\"https:\/\/imagessecondes.fr\/index.php\/2025\/11\/brauer\/\" target=\"_blank\" rel=\"noreferrer noopener\">L\u2019op\u00e9rativit\u00e9 g\u00e9n\u00e9rative et l\u2019oscilloscope&nbsp;: utilisation d\u2019images \u00e9lectroniques dans le cin\u00e9ma exp\u00e9rimental au d\u00e9but des ann\u00e9es&nbsp;1950<\/a><\/p>\n\n\n\n<p class=\"has-medium-font-size\"><strong>\u00c9lodie Murtas&nbsp;<strong><strong><span style=\"color: #CF2E2E;\">\u2014\u2014<\/span><\/strong> <\/strong><\/strong><a href=\"https:\/\/imagessecondes.fr\/index.php\/2025\/11\/murtas\/\" target=\"_blank\" rel=\"noreferrer noopener\">D\u2019instrument d\u2019observation \u00e0 machine \u00e0 convaincre. Le cas des films institutionnels des collections de l\u2019h\u00f4pital de la Waldau (1930-1960)<\/a><\/p>\n\n\n\n<p class=\"has-medium-font-size\"><strong>R\u00e9mi Lauvin<\/strong> <strong><strong><strong><span style=\"color: #CF2E2E;\">\u2014\u2014<\/span><\/strong><\/strong><\/strong>&nbsp;<a href=\"https:\/\/imagessecondes.fr\/index.php\/2025\/11\/lauvin\/\" target=\"_blank\" rel=\"noreferrer noopener\">La vid\u00e9osurveillance dans l\u2019optique du cin\u00e9ma<\/a><\/p>\n\n\n\n<p class=\"has-medium-font-size\"><strong>David Bucheli<\/strong> <strong><strong><strong><span style=\"color: #CF2E2E;\">\u2014\u2014<\/span><\/strong><\/strong><\/strong>&nbsp;<a href=\"https:\/\/imagessecondes.fr\/index.php\/2025\/11\/bucheli\/\" target=\"_blank\" rel=\"noreferrer noopener\">Total Landscraping<\/a><\/p>\n\n\n\n<p class=\"has-medium-font-size\"><a href=\"https:\/\/imagessecondes.fr\/index.php\/2025\/12\/pantenburg\/\" target=\"_blank\" rel=\"noreferrer noopener\">Le travail de l\u2019image : penser et voir avec Harun Farocki <\/a><strong><strong><strong><span style=\"color: #CF2E2E;\">\u2014\u2014<\/span><\/strong> <\/strong><\/strong>Entretien avec <strong>Volker Pantenburg<\/strong><\/p>\n\n\n\n<hr class=\"wp-block-separator has-css-opacity is-style-wide\"\/>\n\n\n\n<p><a href=\"https:\/\/imagessecondes.fr\/index.php\/contributeurices-05-2025\/\" target=\"_blank\" rel=\"noreferrer noopener\">Lire les biographies des contributeu<strong>r<\/strong>ices et consulter le comit\u00e9 scientifique<\/a>.<\/p>\n","protected":false},"excerpt":{"rendered":"<p>R\u00e9dacteurices en chef du num\u00e9roGuilherme da Silva Machado &amp; Anne-Katrin Weber Ce num\u00e9ro d\u2019Images secondes cherche \u00e0 explorer le paradigme op\u00e9rationnel du point de vue des \u00e9tudes cin\u00e9matographiques, en proposant un pont entre la recherche francophone et des d\u00e9bats qui se d\u00e9roulent actuellement principalement dans des sph\u00e8res non francophones (notamment en anglais et en allemand).<\/p>\n","protected":false},"author":3,"featured_media":7897,"parent":0,"menu_order":0,"comment_status":"closed","ping_status":"closed","template":"","meta":{"_exactmetrics_skip_tracking":false,"_exactmetrics_sitenote_active":false,"_exactmetrics_sitenote_note":"","_exactmetrics_sitenote_category":0,"footnotes":""},"class_list":["post-7702","page","type-page","status-publish","has-post-thumbnail","hentry"],"jetpack_shortlink":"https:\/\/wp.me\/P9TfUI-20e","jetpack_sharing_enabled":true,"_links":{"self":[{"href":"https:\/\/imagessecondes.fr\/index.php\/wp-json\/wp\/v2\/pages\/7702","targetHints":{"allow":["GET"]}}],"collection":[{"href":"https:\/\/imagessecondes.fr\/index.php\/wp-json\/wp\/v2\/pages"}],"about":[{"href":"https:\/\/imagessecondes.fr\/index.php\/wp-json\/wp\/v2\/types\/page"}],"author":[{"embeddable":true,"href":"https:\/\/imagessecondes.fr\/index.php\/wp-json\/wp\/v2\/users\/3"}],"replies":[{"embeddable":true,"href":"https:\/\/imagessecondes.fr\/index.php\/wp-json\/wp\/v2\/comments?post=7702"}],"version-history":[{"count":29,"href":"https:\/\/imagessecondes.fr\/index.php\/wp-json\/wp\/v2\/pages\/7702\/revisions"}],"predecessor-version":[{"id":8134,"href":"https:\/\/imagessecondes.fr\/index.php\/wp-json\/wp\/v2\/pages\/7702\/revisions\/8134"}],"wp:featuredmedia":[{"embeddable":true,"href":"https:\/\/imagessecondes.fr\/index.php\/wp-json\/wp\/v2\/media\/7897"}],"wp:attachment":[{"href":"https:\/\/imagessecondes.fr\/index.php\/wp-json\/wp\/v2\/media?parent=7702"}],"curies":[{"name":"wp","href":"https:\/\/api.w.org\/{rel}","templated":true}]}}