{"id":6799,"date":"2024-12-13T15:51:56","date_gmt":"2024-12-13T14:51:56","guid":{"rendered":"http:\/\/imagessecondes.fr\/?page_id=6799"},"modified":"2025-09-22T18:26:35","modified_gmt":"2025-09-22T16:26:35","slug":"04-2024-cinema-et-speculation-financiere","status":"publish","type":"page","link":"https:\/\/imagessecondes.fr\/index.php\/04-2024-cinema-et-speculation-financiere\/","title":{"rendered":"04 | 2024 Cin\u00e9ma et sp\u00e9culation financi\u00e8re"},"content":{"rendered":"\n<h4 class=\"wp-block-heading has-vivid-red-color has-text-color has-link-color wp-elements-3a368805b28281c927339b8f57a8c1e8\" id=\"03-2022-post-cinema-pratiques-de-recherche-et-de-creation\" style=\"font-size:30px\">R\u00e9dacteur\u00b7rices en chef du num\u00e9ro<br><strong>Occitane Lacurie &amp; Barnab\u00e9 Sauvage<\/strong><\/h4>\n\n\n\n<hr class=\"wp-block-separator has-css-opacity is-style-wide\"\/>\n\n\n\n<p>Le cinqui\u00e8me num\u00e9ro de la revue&nbsp;<em>Images secondes<\/em> ambitionne de documenter les moyens par lesquels les flux financiers affectent le monde physique et social via la production d\u2019images, et comment, r\u00e9ciproquement, d\u2019autres images, et notamment des images filmiques, cristallisent le flux financier \u2013 pour l\u2019alimenter, pour le figer en figures ou pour en d\u00e9sorganiser, au moins fictivement, les principes. Ces images apparaissent ainsi comme des m\u00e9diations entre plusieurs ordres&nbsp;: celui,&nbsp;<em>virtuel<\/em>, de la plan\u00e8te financi\u00e8re et sp\u00e9culative, celui,&nbsp;<em>mat\u00e9riel<\/em>, des crises sociales et \u00e9v\u00e9nements affectant les existences et celui,&nbsp;<em>fictif<\/em>, des inventions \u2013 elles aussi \u00ab&nbsp;sp\u00e9culatives&nbsp;\u00bb, \u00e0 leur mani\u00e8re \u2013 des concepts et des \u0153uvres visant \u00e0 rendre sensibles les (dys)fonctionnements opaques du march\u00e9 financier. En analysant comment la finance s\u2019incarne en fait social, technique, m\u00e9diatique et figuratif au cin\u00e9ma et dans les arts de l\u2019image en mouvement, les quinze contributions r\u00e9unies ici tendent ainsi \u00e0 interroger la sp\u00e9culation comme&nbsp;<em>processus de cr\u00e9ation d\u2019images<\/em>.<\/p>\n\n\n\n<hr class=\"wp-block-separator has-css-opacity is-style-wide\"\/>\n\n\n\n<p class=\"has-vivid-red-color has-text-color has-link-color wp-elements-d868e7fa0d0dc69ffd0178189886f154\" style=\"font-size:30px\"><strong>SOMMAIRE<\/strong><\/p>\n\n\n\n<h1 class=\"wp-block-heading has-vivid-red-color has-text-color has-link-color wp-elements-7c567347f80209fcad0141ae946b007a\" style=\"font-size:30px\"><strong>\u00c9ditorial<\/strong><\/h1>\n\n\n\n<p class=\"has-black-color has-text-color has-link-color wp-elements-c7e478999d7ca3e1e01d039f6fbd71b8\"><strong>Occitane Lacurie &amp; Barnab\u00e9 Sauvage<strong> <strong><span style=\"color: #CF2E2E;\">\u2014\u2014<\/span><\/strong><\/strong>&nbsp;<\/strong><a href=\"http:\/\/imagessecondes.fr\/index.php\/2024\/12\/introduction-2\/\" target=\"_blank\" rel=\"noreferrer noopener\">Introduction<\/a><\/p>\n\n\n\n<h1 class=\"wp-block-heading has-vivid-red-color has-text-color has-link-color wp-elements-8b670a0a56974a668c326e7f6ea33b5d\" id=\"formes-et-poetiques-du-post-cinema\" style=\"font-size:30px\"><strong>I. Nouvelles th\u00e9ories visuelles de la valeur<\/strong><\/h1>\n\n\n\n<p><strong>Elena Vogman<strong> <strong><span style=\"color: #CF2E2E;\">\u2014\u2014<\/span><\/strong> <\/strong><\/strong><span style=\"color: rgb(255, 94, 58); outline: none;\"><a href=\"http:\/\/imagessecondes.fr\/index.php\/2024\/12\/valeurs-de-la-crise-une-lecture-du-projet-dadaptation-du-capital-de-s-m-eisenstein\/\">Valeurs de la crise&nbsp;: une lecture du projet d\u2019adaptation du&nbsp;<em>Capital<\/em>&nbsp;de S. M. Eisenstein<\/a><\/span><\/p>\n\n\n\n<p class=\"has-black-color has-text-color has-link-color wp-elements-c48fa605d0f5380901e8d185d80da1f0\"><strong>Alasdair King<strong> <strong><span style=\"color: #CF2E2E;\">\u2014\u2014<\/span><\/strong> <\/strong><\/strong><a href=\"http:\/\/imagessecondes.fr\/index.php\/2024\/12\/le-regime-de-limage-financiere-une-analyse-de-liquidity-inc-2014-de-hito-steyerl\/\" target=\"_blank\" rel=\"noreferrer noopener\"><span style=\"; outline: none;\">Le r\u00e9gime de l\u2019image financi\u00e8re&nbsp;: une analyse de&nbsp;<em>Liquidity Inc.&nbsp;<\/em>(2014) de Hito Steyerl<\/span><\/a><\/p>\n\n\n\n<p><strong>Peter Szendy <strong><span style=\"color: #CF2E2E;\">\u2014\u2014<\/span><\/strong> <\/strong><a href=\"http:\/\/imagessecondes.fr\/index.php\/2024\/12\/iconomies-de-lombre-et-algorithmisation-des-images-ce-que-le-capitalisme-numerique-fait-au-visible\/\" target=\"_blank\" rel=\"noreferrer noopener\"><span style=\"color: ; outline: none;\">Iconomies de l\u2019ombre et algorithmisation des images (ce que le capitalisme num\u00e9rique fait au visible)<\/span><\/a><\/p>\n\n\n\n<h1 class=\"wp-block-heading has-vivid-red-color has-text-color has-link-color wp-elements-0a00e61bc7034fc881f37c4cdaec725b\" id=\"reappropriations-remontages-remixes-des-pratiques-spectatorielles-post-cinematiques\" style=\"font-size:30px\"><strong>II. Le \u00ab&nbsp;devenir-image&nbsp;\u00bb de la sp\u00e9culation&nbsp;\u00e0 l\u2019\u00e8re num\u00e9rique<\/strong><\/h1>\n\n\n\n<p>Entretien avec <strong>Estelle Blaschke <strong><span style=\"color: #CF2E2E;\">\u2014\u2014<\/span><\/strong> <\/strong><span style=\"color:; outline: none;\"><em><a href=\"http:\/\/imagessecondes.fr\/index.php\/2024\/12\/image-en-stock-image-as-stock-entretien-avec-interview-with-estelle-blaschke-fr-eng\/\" target=\"_blank\" rel=\"noreferrer noopener\">Image en stock \/ Image as stock<\/a><\/em><\/span> (fr\/eng)<\/p>\n\n\n\n<p><strong>Katia Andrea Morales Gait\u00e1n <strong><span style=\"color: #CF2E2E;\">\u2014\u2014<\/span><\/strong> <\/strong><a href=\"http:\/\/imagessecondes.fr\/index.php\/2024\/12\/la-speculation-financiere-a-partir-de-la-jetonisation-de-la-propriete-intellectuelle-des-oeuvres-cinematographiques\/\" target=\"_blank\" rel=\"noreferrer noopener\"><span style=\"color:; outline: none;\">La sp\u00e9culation financi\u00e8re \u00e0 partir de la jetonisation de la propri\u00e9t\u00e9 intellectuelle des \u0153uvres cin\u00e9matographiques<\/span><\/a><\/p>\n\n\n\n<p><strong>Ingrid Luquet-Gad <strong><span style=\"color: #CF2E2E;\">\u2014\u2014<\/span><\/strong> <\/strong><a href=\"http:\/\/imagessecondes.fr\/index.php\/2024\/12\/incorporez-vous-les-jeunes-artistes-des-annees-2010-face-a-labstraction-financiere\/\" data-type=\"post\" data-id=\"6354\">\u00ab&nbsp;Incorporez-vous\u2009!&nbsp;\u00bb Les jeunes artistes des ann\u00e9es 2010 face \u00e0 l\u2019abstraction financi\u00e8re<\/a><\/p>\n\n\n\n<h1 class=\"wp-block-heading has-vivid-red-color has-text-color has-link-color wp-elements-33c9c00f49ff52db1c4fe7c672c7ef55\" id=\"pespectives-archeologiques\" style=\"font-size:30px\"><strong>III. Figures du Capital&nbsp;: graphes, r\u00e9seaux, liquidit\u00e9s<\/strong><\/h1>\n\n\n\n<p><strong>Cl\u00e9ment Marguerite <strong><span style=\"color: #CF2E2E;\">\u2014\u2014<\/span><\/strong> <\/strong><span style=\"color: ; outline: none;\"><a href=\"http:\/\/imagessecondes.fr\/index.php\/2024\/12\/rendre-visible-la-bulle-reveler-laveuglement-strategies-figuratives-a-loeuvre-dans-the-big-short-adam-mckay-2015\/\" target=\"_blank\" rel=\"noreferrer noopener\">Rendre visible la bulle, r\u00e9v\u00e9ler l\u2019aveuglement. Strat\u00e9gies figuratives \u00e0 l\u2019\u0153uvre dans <em>The&nbsp;Big&nbsp;Short <\/em>(2015)<\/a><\/span><\/p>\n\n\n\n<p><strong>Corentin L\u00ea <strong><span style=\"color: #CF2E2E;\">\u2014\u2014<\/span><\/strong> <\/strong><a href=\"http:\/\/imagessecondes.fr\/index.php\/2024\/12\/ville-et-imagerie-speculative-naviguer-parmi-les-flux-financiers-dans-wall-street-largent-ne-dort-jamais-2010\/\" target=\"_blank\" rel=\"noreferrer noopener\"><span style=\"color: ; outline: none;\">Ville et imagerie sp\u00e9culative&nbsp;: Naviguer parmi les flux financiers dans <em>Wall Street : L\u2019Argent ne dort jamais <\/em>(2010)<\/span><\/a><\/p>\n\n\n\n<p><strong>Natasha Nedelkova <strong><span style=\"color: #CF2E2E;\">\u2014\u2014<\/span><\/strong> <\/strong><a href=\"http:\/\/imagessecondes.fr\/index.php\/2024\/12\/penser-les-flux-du-capital-dans-largent-1983-de-robert-bresson-et-animal-spirits-2022-dhito-steyerl\/\" target=\"_blank\" rel=\"noreferrer noopener\"><span style=\"color: ; outline: none;\">Penser les flux du Capital dans&nbsp;<em>L\u2019Argent<\/em>&nbsp;(1983) de Robert Bresson et&nbsp;<em>Animal Spirits<\/em>&nbsp;(2022) d\u2019Hito Steyerl<\/span><\/a><\/p>\n\n\n\n<h1 class=\"wp-block-heading has-vivid-red-color has-text-color has-link-color wp-elements-c5870c11972e8c54dcb33b489bad21ab\" id=\"la-fabrique-du-post-cinema-entretiens\" style=\"font-size:30px\"><strong>IV. La plan\u00e8te financi\u00e8re&nbsp;: de l\u2019extraction \u00e0 la sp\u00e9culation immobili\u00e8re<\/strong><\/h1>\n\n\n\n<p><strong>Riar Rizaldi <strong><span style=\"color: #CF2E2E;\">\u2014\u2014<\/span><\/strong> <\/strong><span style=\"color: ; outline: none;\"><a href=\"http:\/\/imagessecondes.fr\/index.php\/2024\/12\/de-la-speculation-sur-la-valeur-de-letain-on-speculation-of-tin-value-fr-eng\/\" target=\"_blank\" rel=\"noreferrer noopener\">De la sp\u00e9culation sur la valeur de l\u2019\u00e9tain \/ On Speculation of Tin Value<\/a><\/span> (fr\/eng)<\/p>\n\n\n\n<p><strong>Rodrigo Azaola<strong> <strong><span style=\"color: #CF2E2E;\">\u2014\u2014<\/span><\/strong> <\/strong><\/strong><span style=\"color: ; outline: none;\"><em><a href=\"http:\/\/imagessecondes.fr\/index.php\/2024\/12\/impunity-landscapes-sibs-fr-eng\/\" target=\"_blank\" rel=\"noreferrer noopener\">Impunity Landscapes: SIBs<\/a><\/em><\/span> (fr\/eng)<\/p>\n\n\n\n<p><strong>Katleen<\/strong> <strong>Vermeir &amp; Ronny Heiremans <strong><span style=\"color: #CF2E2E;\">\u2014\u2014<\/span><\/strong> <\/strong><span style=\"color: ; outline: none;\"><em><a href=\"http:\/\/imagessecondes.fr\/index.php\/2024\/12\/a-modest-proposal-in-a-black-box-fr-eng\/\" target=\"_blank\" rel=\"noreferrer noopener\">A&nbsp;Modest Proposal (in a Black Box)<\/a><\/em><\/span> (fr\/eng)<\/p>\n\n\n\n<p><strong><a href=\"http:\/\/imagessecondes.fr\/index.php\/2024\/12\/la-clef-contre-la-speculation-immobiliere-entretien-avec-deux-membres-du-collectif\/\">La Clef contre la sp\u00e9culation immobili\u00e8re<\/a> <strong><span style=\"color: #CF2E2E;\">\u2014\u2014<\/span><\/strong> <\/strong>Entretien avec deux membres du collectif<\/p>\n\n\n\n<h1 class=\"wp-block-heading has-vivid-red-color has-text-color has-link-color wp-elements-2ffcc39d6a5f6663bc40be2018f30d6c\" style=\"font-size:30px\"><strong>V. Boursicotages&nbsp;: com\u00e9dies sp\u00e9culatives<\/strong><\/h1>\n\n\n\n<p><strong>Th\u00e9o Bourgeron &amp; Boris Le Roy <strong><span style=\"color: #CF2E2E;\">\u2014\u2014<\/span><\/strong> <\/strong><span style=\"color: ; outline: none;\"><em><a href=\"http:\/\/imagessecondes.fr\/index.php\/2024\/12\/speculations-une-aventure-de-bouvard-pecuchet\/\" data-type=\"post\" data-id=\"6359\">Sp\u00e9culations. Une aventure de Bouvard &amp; P\u00e9cuchet<\/a><\/em><\/span><\/p>\n\n\n\n<p><strong>Noah Teichner <strong><span style=\"color: #CF2E2E;\">\u2014\u2014<\/span><\/strong> <\/strong><span style=\"color: ; outline: none;\"><a href=\"http:\/\/imagessecondes.fr\/index.php\/2024\/12\/comedy-objects-1-fr-eng\/\" target=\"_blank\" rel=\"noreferrer noopener\"><em>Comedy Objects&nbsp;<\/em>n\u00ba 1 : La Sp\u00e9culation burlesque&nbsp;\/&nbsp;<em>Comedy Objects<\/em> #1: Slapstick Speculation<\/a><\/span> (fr\/eng)<\/p>\n\n\n\n<p><\/p>\n\n\n\n<hr class=\"wp-block-separator has-css-opacity is-style-wide\"\/>\n\n\n\n<p><\/p>\n\n\n\n<p>Lire les biographies des contributeur<strong>\u00b7<\/strong>ices et consulter le comit\u00e9 scientifique <strong><a href=\"http:\/\/imagessecondes.fr\/index.php\/contributeurices-04-2024\/\">ici<\/a><\/strong>.<\/p>\n\n\n\n<p><\/p>\n","protected":false},"excerpt":{"rendered":"<p>R\u00e9dacteur\u00b7rices en chef du num\u00e9roOccitane Lacurie &amp; Barnab\u00e9 Sauvage Le cinqui\u00e8me num\u00e9ro de la revue&nbsp;Images secondes ambitionne de documenter les moyens par lesquels les flux financiers affectent le monde physique et social via la production d\u2019images, et comment, r\u00e9ciproquement, d\u2019autres images, et notamment des images filmiques, cristallisent le flux financier \u2013 pour l\u2019alimenter, pour le<\/p>\n","protected":false},"author":3,"featured_media":7098,"parent":0,"menu_order":0,"comment_status":"closed","ping_status":"closed","template":"","meta":{"_exactmetrics_skip_tracking":false,"_exactmetrics_sitenote_active":false,"_exactmetrics_sitenote_note":"","_exactmetrics_sitenote_category":0,"footnotes":""},"class_list":["post-6799","page","type-page","status-publish","has-post-thumbnail","hentry"],"jetpack_shortlink":"https:\/\/wp.me\/P9TfUI-1LF","jetpack_sharing_enabled":true,"_links":{"self":[{"href":"https:\/\/imagessecondes.fr\/index.php\/wp-json\/wp\/v2\/pages\/6799","targetHints":{"allow":["GET"]}}],"collection":[{"href":"https:\/\/imagessecondes.fr\/index.php\/wp-json\/wp\/v2\/pages"}],"about":[{"href":"https:\/\/imagessecondes.fr\/index.php\/wp-json\/wp\/v2\/types\/page"}],"author":[{"embeddable":true,"href":"https:\/\/imagessecondes.fr\/index.php\/wp-json\/wp\/v2\/users\/3"}],"replies":[{"embeddable":true,"href":"https:\/\/imagessecondes.fr\/index.php\/wp-json\/wp\/v2\/comments?post=6799"}],"version-history":[{"count":47,"href":"https:\/\/imagessecondes.fr\/index.php\/wp-json\/wp\/v2\/pages\/6799\/revisions"}],"predecessor-version":[{"id":7548,"href":"https:\/\/imagessecondes.fr\/index.php\/wp-json\/wp\/v2\/pages\/6799\/revisions\/7548"}],"wp:featuredmedia":[{"embeddable":true,"href":"https:\/\/imagessecondes.fr\/index.php\/wp-json\/wp\/v2\/media\/7098"}],"wp:attachment":[{"href":"https:\/\/imagessecondes.fr\/index.php\/wp-json\/wp\/v2\/media?parent=6799"}],"curies":[{"name":"wp","href":"https:\/\/api.w.org\/{rel}","templated":true}]}}