{"id":6078,"date":"2023-06-08T19:19:50","date_gmt":"2023-06-08T17:19:50","guid":{"rendered":"http:\/\/imagessecondes.fr\/?page_id=6078"},"modified":"2024-12-14T17:29:13","modified_gmt":"2024-12-14T16:29:13","slug":"appel-en-cours-06-2024","status":"publish","type":"page","link":"https:\/\/imagessecondes.fr\/index.php\/appel-en-cours-06-2024\/","title":{"rendered":"Appel en cours 06 | 2024"},"content":{"rendered":"\t\t<div data-elementor-type=\"wp-page\" data-elementor-id=\"6078\" class=\"elementor elementor-6078\">\n\t\t\t\t\t\t<section class=\"elementor-section elementor-top-section elementor-element elementor-element-1dbcfcc1 elementor-section-boxed elementor-section-height-default elementor-section-height-default\" data-id=\"1dbcfcc1\" data-element_type=\"section\" data-e-type=\"section\">\n\t\t\t\t\t\t<div class=\"elementor-container elementor-column-gap-default\">\n\t\t\t\t\t<div class=\"elementor-column elementor-col-100 elementor-top-column elementor-element elementor-element-2407412\" data-id=\"2407412\" data-element_type=\"column\" data-e-type=\"column\">\n\t\t\t<div class=\"elementor-widget-wrap elementor-element-populated\">\n\t\t\t\t\t\t<div class=\"elementor-element elementor-element-768a8a60 elementor-widget elementor-widget-text-editor\" data-id=\"768a8a60\" data-element_type=\"widget\" data-e-type=\"widget\" data-widget_type=\"text-editor.default\">\n\t\t\t\t<div class=\"elementor-widget-container\">\n\t\t\t\t\t\t\t\t\t<h3 style=\"color: #ff5d39; text-align: center;\"><strong><span style=\"color: #cf2e2e;\">APPEL \u00c0 CONTRIBUTIONS<\/span><\/strong><\/h3>\n<p><!-- \/wp:heading --><\/p>\n<p><!-- wp:paragraph {\"align\":\"center\",\"fontSize\":\"medium\"} --><\/p>\n<p style=\"text-align: center; outline: currentcolor;\"><span style=\"color: #000000;\"><strong style=\"outline: currentcolor;\">\u2013 Appel clos \u2013<\/strong><\/span><\/p>\n<p style=\"text-align: center; outline: currentcolor;\"><span style=\"color: #de3a2f;\"><a style=\"caret-color: #de3a2f; text-align: start; color: #de3a2f;\" href=\"http:\/\/imagessecondes.fr\/wp-content\/uploads\/2023\/06\/Appel-IS6.pdf\"><strong style=\"outline: currentcolor;\">Consulter l\u2019appel dans l\u2019int\u00e9gralit\u00e9<\/strong><\/a><\/span><span style=\"color: #000000;\"><strong style=\"outline: currentcolor;\"><br \/><\/strong><\/span><\/p>\n<p><!-- wp:heading {\"level\":4,\"style\":{\"color\":{\"text\":\"#ff5d39\"},\"typography\":{\"fontStyle\":\"normal\",\"fontWeight\":\"900\"}}} --><\/p>\n<h4 style=\"color: #ff5d39; font-style: normal; font-weight: 900; outline: currentcolor;\"><span style=\"color: #000000;\">06 | 2024 Images op\u00e9rationnelles :<strong style=\"outline: currentcolor;\"> agencements utilitaires des images en mouvement<\/strong><\/span><\/h4>\n<p><!-- \/wp:heading --><\/p>\n<p><!-- wp:heading {\"level\":6,\"style\":{\"typography\":{\"fontStyle\":\"normal\",\"fontWeight\":\"900\"}},\"fontSize\":\"medium\"} --><\/p>\n<h5><span style=\"color: #cf2e2e;\"><strong>R\u00e9dacteurs en chef du num\u00e9ro<\/strong><\/span><\/h5>\n<p><span style=\"color: #000000;\"><!-- \/wp:heading --><\/span><\/p>\n<p><span style=\"color: #000000;\"><!-- wp:paragraph {\"textColor\":\"black\"} --><\/span><\/p>\n<p><span style=\"color: #000000;\"><strong>Guilherme Machado<\/strong> (Universit\u00e9 de Poitiers) \u2014 <strong>Antoine Pr\u00e9vost-Balga<\/strong> (Universit\u00e9 de Francfort \/ Sorbonne Nouvelle Paris 3) \u2014 <strong>Anne-Katrin Weber<\/strong> (Universit\u00e9 de B\u00e2le)<\/span><\/p>\n<p><span style=\"color: #000000;\"><!-- \/wp:paragraph --><\/span><\/p>\n<p><span style=\"color: #000000;\"><!-- wp:heading {\"level\":6,\"fontSize\":\"medium\"} --><\/span><\/p>\n<h5><span style=\"color: #cf2e2e;\"><strong>R\u00e9sum\u00e9 de l&rsquo;appel<\/strong><\/span><\/h5>\n<p><span style=\"color: #000000;\"><!-- \/wp:heading --><\/span><\/p>\n<p><span style=\"color: #000000;\"><!-- wp:paragraph --><\/span><\/p>\n<p><span style=\"color: #000000;\">Depuis deux de\u0301cennies, la the\u0301orie des images et des me\u0301dias s\u2019inte\u0301resse a\u0300 une dimension \u00ab ope\u0301rationnelle \u00bb des images qui se distingue des approches classiques des \u00ab repre\u0301sentations \u00bb visuelles et audiovisuelles. En de\u0301crivant les usages militaires et industriels des technologies visuelles nume\u0301riques, Harun Farocki a introduit le terme d\u2019\u00ab images ope\u0301rationnelles \u00bb pour de\u0301signer des images qui \u00ab ne repre\u0301sentent pas un objet, mais font pluto\u0302t partie d\u2019une ope\u0301ration \u00bb (Farocki, 2004). Simultane\u0301ment, d\u2019autres auteur\u00b7ices se sont inte\u0301resse\u0301\u00b7e\u00b7s a\u0300 l\u2019\u00ab ope\u0301rativite\u0301 \u00bb des images, explorant leur pouvoir d\u2019agir, leurs dynamiques intrinse\u0300ques et la manie\u0300re dont elles prennent une part active dans des agencements sociaux et mate\u0301riels. Dans les e\u0301tudes visuelles, W. J. T. Mitchell a propose\u0301, par opposition a\u0300 une rhe\u0301torique ou a\u0300 une herme\u0301neutique, une re\u0301flexion sur la vie propre aux images, comprenant \u00ab les idoles et les fe\u0301tiches anciens jusqu\u2019aux images techniques et aux formes de vie artificielles, cyborgs et autres clones \u00bb (Mitchell, 2014 : 18). Au sein des e\u0301tudes cine\u0301matographiques, des historien\u00b7ne\u00b7s ont montre\u0301 que les films industriels ne sont pas seulement des te\u0301moignages historiques biaise\u0301s du travail : en tant qu\u2019images participant a\u0300 la re\u0301gulation des conditions e\u0301piste\u0301miques de la production marchande, ils sont aussi des \u00ab traces des formes d\u2019organisation sociale et industrielle qu\u2019ils servirent autrefois \u00bb (Hediger et Vonderau, 2009 : 11).<\/span><\/p>\n<p><span style=\"color: #000000;\">Ce nume\u0301ro d\u2019Images secondes s\u2019inscrit dans les de\u0301bats internationaux sur les images ope\u0301rationnelles. Il prend comme point de de\u0301part et objet de re\u0301flexion la question de l\u2019agentivite\u0301 (agency) du visuel, des dispositifs d\u2019image et des appareils de vision, en s\u2019inte\u0301ressant particulie\u0300rement a\u0300 quatre contextes de de\u0301ploiement des images ope\u0301rationnelles, a\u0300 savoir les contextes militaire, industriel, me\u0301dical et scientifique.<\/span><\/p>\n<p><span style=\"color: #000000;\">Bien que les travaux dans ces domaines ne se re\u0301fe\u0300rent pas syste\u0301matiquement a\u0300 la notion d\u2019image ope\u0301rationnelle telle qu\u2019elle a e\u0301te\u0301 discute\u0301e en particulier a\u0300 la suite de Farocki, ils contribuent tous a\u0300 une meilleure compre\u0301hension de l\u2019ope\u0301rativite\u0301 des images et de leur agentivite\u0301 au sein de contextes institutionnels divers. Ainsi, dans un re\u0301cent article qui propose un survol des diffe\u0301rentes approches de l\u2019image ope\u0301rationnelle, Aud Sissel Hoel constate que la the\u0301orie des images et des me\u0301dias se dirige vers un changement de paradigme, avec une multiplicite\u0301 de tentatives de de\u0301veloppement d\u2019une \u00ab base ope\u0301rationnelle pour comprendre les images \u00bb (Hoel, 2018).<\/span><\/p>\n<p><span style=\"color: #000000;\">Malgre\u0301 l\u2019importance de ces de\u0301bats au niveau international, les recherches en e\u0301tudes cine\u0301matographiques francophones sont encore tre\u0300s peu porte\u0301es par des approches historiques, esthe\u0301tiques ou me\u0301diatiques qui prennent en compte les images ope\u0301rationnelles. Cela semble e\u0302tre du\u0302, d\u2019une part, a\u0300 une barrie\u0300re linguistique (ces de\u0301bats se de\u0301roulant principalement en anglais et en allemand) et, d\u2019autre part, a\u0300 une persistante clo\u0302ture disciplinaire qui, en France, cloisonne souvent les e\u0301tudes \u00ab esthe\u0301tiques \u00bb du cine\u0301ma a\u0300 des pratiques artistiques qui seraient imperme\u0301ables aux images \u00ab utilitaires \u00bb.<\/span><\/p>\n<p><span style=\"color: #000000;\">Ce nume\u0301ro de revue sur les images ope\u0301rationnelles tentera d\u2019e\u0301tablir un pont entre la recherche francophone et internationale autour du paradigme ope\u0301rationnel des images, en proposant des traductions de textes cle\u0301s de ce de\u0301bat et en rassemblant des contributions re\u0301centes de chercheur\u00b7ses francophones travaillant sur la question.<\/span><\/p>\n<h5><span style=\"color: #cf2e2e;\"><strong>Comit\u00e9 scientifique du num\u00e9ro<\/strong><\/span><\/h5>\n<p><span style=\"color: #000000;\"><strong>Emmanuel Alloa<\/strong> (Universite\u0301 de Fribourg) \u2014 <strong>Christa Blu\u0308mlinger<\/strong> (Universite\u0301 Paris 8) \u2014 <strong>Mireille Berton<\/strong> (Universite\u0301 de Lausanne) \u2014 <strong>Estelle Blaschke<\/strong> (Universite\u0301 de Ba\u0302le) \u2014 <strong>Jean-Michel Durafour<\/strong> (Universite\u0301 d\u2019Aix-Marseille) \u2014 <strong>Bernard D. Geoghegan<\/strong> (King\u2019s College London) \u2014 <strong>Vinzenz Hediger<\/strong> (Universite\u0301 de Francfort) \u2014 <strong>Alice Leroy<\/strong> (Universite\u0301 Gustave Eiffel) \u2014 <strong>Volker Pantenburg<\/strong> (Universite\u0301 de Zurich) \u2014 <strong>Marie Sandoz<\/strong> (Universite\u0301 de Ba\u0302le), <strong>Antonio Somaini<\/strong> (Universite\u0301 Paris 3) \u2014 <strong>Dork Zabunyan<\/strong> (Universite\u0301 Paris 8) \u2014 <strong>Yvonne Zimmerman<\/strong> (Universite\u0301 de Marburg)<\/span><\/p>\n<p><!-- \/wp:paragraph --><\/p>\t\t\t\t\t\t\t\t<\/div>\n\t\t\t\t<\/div>\n\t\t\t\t\t<\/div>\n\t\t<\/div>\n\t\t\t\t\t<\/div>\n\t\t<\/section>\n\t\t\t\t<\/div>\n\t\t","protected":false},"excerpt":{"rendered":"<p>APPEL \u00c0 CONTRIBUTIONS \u2013 Appel clos \u2013 Consulter l\u2019appel dans l\u2019int\u00e9gralit\u00e9 06 | 2024 Images op\u00e9rationnelles : agencements utilitaires des images en mouvement R\u00e9dacteurs en chef du num\u00e9ro Guilherme Machado (Universit\u00e9 de Poitiers) \u2014 Antoine Pr\u00e9vost-Balga (Universit\u00e9 de Francfort \/ Sorbonne Nouvelle Paris 3) \u2014 Anne-Katrin Weber (Universit\u00e9 de B\u00e2le) R\u00e9sum\u00e9 de l&rsquo;appel Depuis deux<\/p>\n","protected":false},"author":2,"featured_media":0,"parent":0,"menu_order":0,"comment_status":"closed","ping_status":"closed","template":"","meta":{"_exactmetrics_skip_tracking":false,"_exactmetrics_sitenote_active":false,"_exactmetrics_sitenote_note":"","_exactmetrics_sitenote_category":0,"footnotes":""},"class_list":["post-6078","page","type-page","status-publish","hentry"],"jetpack_shortlink":"https:\/\/wp.me\/P9TfUI-1A2","jetpack_sharing_enabled":true,"_links":{"self":[{"href":"https:\/\/imagessecondes.fr\/index.php\/wp-json\/wp\/v2\/pages\/6078","targetHints":{"allow":["GET"]}}],"collection":[{"href":"https:\/\/imagessecondes.fr\/index.php\/wp-json\/wp\/v2\/pages"}],"about":[{"href":"https:\/\/imagessecondes.fr\/index.php\/wp-json\/wp\/v2\/types\/page"}],"author":[{"embeddable":true,"href":"https:\/\/imagessecondes.fr\/index.php\/wp-json\/wp\/v2\/users\/2"}],"replies":[{"embeddable":true,"href":"https:\/\/imagessecondes.fr\/index.php\/wp-json\/wp\/v2\/comments?post=6078"}],"version-history":[{"count":55,"href":"https:\/\/imagessecondes.fr\/index.php\/wp-json\/wp\/v2\/pages\/6078\/revisions"}],"predecessor-version":[{"id":6994,"href":"https:\/\/imagessecondes.fr\/index.php\/wp-json\/wp\/v2\/pages\/6078\/revisions\/6994"}],"wp:attachment":[{"href":"https:\/\/imagessecondes.fr\/index.php\/wp-json\/wp\/v2\/media?parent=6078"}],"curies":[{"name":"wp","href":"https:\/\/api.w.org\/{rel}","templated":true}]}}