{"id":2257,"date":"2020-02-20T13:00:30","date_gmt":"2020-02-20T12:00:30","guid":{"rendered":"http:\/\/imagessecondes.fr\/?page_id=2257"},"modified":"2024-12-14T16:48:35","modified_gmt":"2024-12-14T15:48:35","slug":"puissances-architectoniques-du-cinema","status":"publish","type":"page","link":"https:\/\/imagessecondes.fr\/index.php\/puissances-architectoniques-du-cinema\/","title":{"rendered":"02 | 2020 Puissances architectoniques du cin\u00e9ma\u00a0"},"content":{"rendered":"<h5><span style=\"color: #cf2e2e;\">R\u00e9dactrices en chef du num\u00e9ro<\/span><br \/>\n<strong><span style=\"color: #cf2e2e;\">Lydie Delahaye &amp;\u00a0\u00c9line Grignard<\/span><\/strong><\/h5>\n<hr \/>\n<p>Le second num\u00e9ro de la revue <em>Images secondes<\/em> se propose d\u2019envisager les dynamiques convergentes entre le cin\u00e9ma et les approches pratiques et th\u00e9oriques de l\u2019architecture. Si le passage de l\u2019architecture \u00e0 l\u2019\u00e9cran a bien souvent \u00e9t\u00e9 mis en \u00e9vidence du point de vue de la repr\u00e9sentation cin\u00e9matographique, notamment \u00e0 travers la notion de d\u00e9cor, ce num\u00e9ro d\u2019Images secondes souhaite explorer les dimensions dialogiques entre les formes filmiques et celles de l\u2019architecture.<\/p>\n<hr \/>\n<h5 style=\"text-align: left;\"><span style=\"color: #cf2e2e;\"><strong>SOMMAIRE<\/strong><\/span><\/h5>\n<h6><span style=\"color: #000000;\"><strong>EDITORIAL<\/strong><\/span><\/h6>\n<p style=\"text-align: left;\"><strong>Lydie Delahaye &amp;\u00a0\u00c9line Grignard<\/strong> <span style=\"color: #cf2e2e;\"><a style=\"color: #cf2e2e;\" href=\"http:\/\/imagessecondes.fr\/index.php\/2020\/03\/08\/introduction\/\" target=\"_blank\" rel=\"noopener\">Introduction<\/a><\/span><\/p>\n<h6><span style=\"color: #000000;\"><strong>URBANISME<\/strong><\/span><\/h6>\n<p style=\"text-align: left;\"><strong>Sonny Walbrou <\/strong><span style=\"color: #cf2e2e;\"><a style=\"color: #cf2e2e;\" href=\"http:\/\/imagessecondes.fr\/index.php\/2020\/02\/21\/walter-benjamin-et-le-colportage-de-lespace\/\" target=\"_blank\" rel=\"noopener\">Walter Benjamin et le colportage de l\u2019espace : cin\u00e9ma, architecture et jeu<\/a><\/span><\/p>\n<p style=\"text-align: left;\"><strong>Rodolphe Olc\u00e8se<\/strong>\u00a0<span style=\"color: #cf2e2e;\"><a style=\"color: #cf2e2e;\" href=\"http:\/\/imagessecondes.fr\/index.php\/2020\/02\/21\/le-phalanstere-et-limage-en-mouvement\/\" target=\"_blank\" rel=\"noopener\">Le phalanst\u00e8re et l\u2019image en mouvement<\/a><\/span><\/p>\n<p style=\"text-align: left;\"><strong>L\u00e9a Chevalier <\/strong><span style=\"color: #cf2e2e;\"><a style=\"color: #cf2e2e;\" href=\"http:\/\/imagessecondes.fr\/index.php\/2020\/02\/21\/les-decors-naturels-colores-de-bernard-evein\/\" target=\"_blank\" rel=\"noopener\">Les d\u00e9cors naturels color\u00e9s de Bernard Evein. Renouvellement du statut des passants dans l\u2019espace urbain<\/a><\/span><\/p>\n<p style=\"text-align: left;\"><strong>Marie Rebecchi <\/strong><span style=\"color: #cf2e2e;\"><a style=\"color: #cf2e2e;\" href=\"http:\/\/imagessecondes.fr\/index.php\/2020\/02\/21\/rem-koolhaas-et-le-groupe-1-2-3-enz\/\" target=\"_blank\" rel=\"noopener\">Filmcombo, Film Situationniste. Rem Koolhaas et le groupe \u00ab 1, 2, 3 enz \u00bb<\/a><\/span><\/p>\n<h6 style=\"text-align: left;\"><span style=\"color: #000000;\"><strong>CONSTRUCTION<\/strong><\/span><\/h6>\n<p style=\"text-align: left;\"><strong>Jacqueline Maurer <\/strong><span style=\"color: #cf2e2e;\"><a style=\"color: #cf2e2e;\" href=\"http:\/\/imagessecondes.fr\/index.php\/2020\/02\/21\/deux-ou-trois-choses-que-je-sais-delle-et-le-debat-des-grands-ensembles\/\" target=\"_blank\" rel=\"noopener\">Questions d\u2019\u00e9chelle et de justesse entre cin\u00e9ma, architecture et urbanisme. <em>Deux ou trois choses que je sais d\u2019elle<\/em> (1967) de Jean-Luc Godard et le d\u00e9bat des \u00ab grands ensembles \u00bb<\/a><\/span><\/p>\n<p style=\"text-align: left;\"><strong>Claire Allouche <\/strong><span style=\"color: #cf2e2e;\"><a style=\"color: #cf2e2e;\" href=\"http:\/\/imagessecondes.fr\/index.php\/2020\/02\/21\/le-cinema-dadirley-queiros-comme-esthetique-de-lauto-construction\/\" target=\"_blank\" rel=\"noopener\">Bras\u00edlia film\u00e9e depuis sa p\u00e9riph\u00e9rie : le cin\u00e9ma d\u2019Adirley Queir\u00f3s comme esth\u00e9tique <\/a><a style=\"color: #cf2e2e;\" href=\"http:\/\/imagessecondes.fr\/index.php\/2020\/02\/21\/le-cinema-dadirley-queiros-comme-esthetique-de-lauto-construction\/\" target=\"_blank\" rel=\"noopener\">de l\u2019auto-construction<\/a><\/span><\/p>\n<h6 style=\"text-align: left;\"><strong><span style=\"color: #000000;\">CAMERA OBSCURA<\/span><br \/>\n<\/strong><\/h6>\n<p style=\"text-align: left;\"><strong>Shahram Abadie <\/strong><span style=\"color: #cf2e2e;\"><a style=\"color: #cf2e2e;\" href=\"http:\/\/imagessecondes.fr\/index.php\/2020\/02\/21\/des-palaces-aux-imax-la-salle-et-lexperience-cinematographique\/\" target=\"_blank\" rel=\"noopener\">Des palaces aux Imax, la salle et l\u2019exp\u00e9rience cin\u00e9matographique<\/a><\/span><\/p>\n<p style=\"text-align: left;\"><strong>Marc Leschelier<\/strong> <span style=\"color: #cf2e2e;\"><a style=\"color: #cf2e2e;\" href=\"http:\/\/imagessecondes.fr\/index.php\/2020\/02\/21\/entretien-avec-marc-leschelier\/\" target=\"_blank\" rel=\"noopener\">Entretien<\/a><\/span><\/p>\n<p style=\"text-align: left;\"><strong>Clemens von Wedemeyer <\/strong><span style=\"color: #cf2e2e;\"><a style=\"color: #cf2e2e;\" href=\"http:\/\/imagessecondes.fr\/index.php\/2020\/03\/05\/sun-cinema-mardin-turkey-2010\/\" target=\"_blank\" rel=\"noopener\">Sun Cinema, Mardin, Turkey, 2010<\/a><\/span><\/p>\n<h6 style=\"text-align: left;\"><span style=\"color: #000000;\"><strong>VIRTUALITE<\/strong><\/span><\/h6>\n<p style=\"text-align: left;\"><strong>Pierre Bourdareau<\/strong> <span style=\"color: #cf2e2e;\"><a style=\"color: #cf2e2e;\" href=\"http:\/\/imagessecondes.fr\/index.php\/2020\/02\/26\/meta-morphose\/\" target=\"_blank\" rel=\"noopener\">M\u00e9ta-morphose : Figure archi-cin\u00e9matographique de la modification<\/a><\/span><\/p>\n<p style=\"text-align: left;\"><strong>Ana\u00efs Linares <\/strong><span style=\"color: #cf2e2e;\"><a style=\"color: #cf2e2e;\" href=\"http:\/\/imagessecondes.fr\/index.php\/2020\/02\/21\/le-motif-de-la-grille-dans-les-oeuvres-filmiques-de-julien-previeux\/\" target=\"_blank\" rel=\"noopener\">Le motif de la grille dans les \u0153uvres filmiques de Julien Pr\u00e9vieux<\/a><\/span><\/p>\n<p style=\"text-align: left;\"><strong>Gerald Schauder <\/strong><span style=\"color: #cf2e2e;\"><a style=\"color: #cf2e2e;\" href=\"http:\/\/imagessecondes.fr\/index.php\/2020\/02\/21\/skulptur21-2015\/\" target=\"_blank\" rel=\"noopener\"><em>Skulptur21<\/em>, 2015<\/a><\/span><\/p>\n<p style=\"text-align: left;\"><strong>Jean-Baptiste Lenglet <\/strong><span style=\"color: #cf2e2e;\"><a style=\"color: #cf2e2e;\" href=\"http:\/\/imagessecondes.fr\/index.php\/2020\/03\/05\/les-singes-du-temps-2018-2\/\" target=\"_blank\" rel=\"noopener noreferrer\">Les Singes du temps, 2018<\/a><\/span><\/p>\n<hr \/>\n<p style=\"text-align: left;\"><span style=\"color: #cf2e2e;\"><strong><a style=\"color: #cf2e2e;\" href=\"http:\/\/imagessecondes.fr\/index.php\/2020\/03\/08\/bibliographie-generale\/\" target=\"_blank\" rel=\"noopener\">Bibliographie g\u00e9n\u00e9rale<\/a><\/strong><\/span><\/p>\n","protected":false},"excerpt":{"rendered":"<p>R\u00e9dactrices en chef du num\u00e9ro Lydie Delahaye &amp;\u00a0\u00c9line Grignard Le second num\u00e9ro de la revue Images secondes se propose d\u2019envisager les dynamiques convergentes entre le cin\u00e9ma et les approches pratiques et th\u00e9oriques de l\u2019architecture. Si le passage de l\u2019architecture \u00e0 l\u2019\u00e9cran a bien souvent \u00e9t\u00e9 mis en \u00e9vidence du point de vue de la repr\u00e9sentation<\/p>\n","protected":false},"author":3,"featured_media":0,"parent":0,"menu_order":0,"comment_status":"closed","ping_status":"closed","template":"","meta":{"_exactmetrics_skip_tracking":false,"_exactmetrics_sitenote_active":false,"_exactmetrics_sitenote_note":"","_exactmetrics_sitenote_category":0,"footnotes":""},"class_list":["post-2257","page","type-page","status-publish","hentry"],"jetpack_shortlink":"https:\/\/wp.me\/P9TfUI-Ap","jetpack_sharing_enabled":true,"_links":{"self":[{"href":"https:\/\/imagessecondes.fr\/index.php\/wp-json\/wp\/v2\/pages\/2257","targetHints":{"allow":["GET"]}}],"collection":[{"href":"https:\/\/imagessecondes.fr\/index.php\/wp-json\/wp\/v2\/pages"}],"about":[{"href":"https:\/\/imagessecondes.fr\/index.php\/wp-json\/wp\/v2\/types\/page"}],"author":[{"embeddable":true,"href":"https:\/\/imagessecondes.fr\/index.php\/wp-json\/wp\/v2\/users\/3"}],"replies":[{"embeddable":true,"href":"https:\/\/imagessecondes.fr\/index.php\/wp-json\/wp\/v2\/comments?post=2257"}],"version-history":[{"count":76,"href":"https:\/\/imagessecondes.fr\/index.php\/wp-json\/wp\/v2\/pages\/2257\/revisions"}],"predecessor-version":[{"id":6950,"href":"https:\/\/imagessecondes.fr\/index.php\/wp-json\/wp\/v2\/pages\/2257\/revisions\/6950"}],"wp:attachment":[{"href":"https:\/\/imagessecondes.fr\/index.php\/wp-json\/wp\/v2\/media?parent=2257"}],"curies":[{"name":"wp","href":"https:\/\/api.w.org\/{rel}","templated":true}]}}