{"id":2236,"date":"2022-02-16T08:30:29","date_gmt":"2022-02-16T07:30:29","guid":{"rendered":"http:\/\/imagessecondes.fr\/?page_id=2236"},"modified":"2024-12-14T17:01:42","modified_gmt":"2024-12-14T16:01:42","slug":"03-2022-post-cinema","status":"publish","type":"page","link":"https:\/\/imagessecondes.fr\/index.php\/03-2022-post-cinema\/","title":{"rendered":"03 | 2022 Post-cin\u00e9ma, pratiques de recherche et de cr\u00e9ation"},"content":{"rendered":"\n<h4 class=\"wp-block-heading has-vivid-red-color has-text-color has-link-color wp-elements-968d09229bad475b04bad42fb2e94198\">R\u00e9dactrices en chef du num\u00e9ro<br><strong>Chlo\u00e9 Galibert-La\u00een\u00e9 &amp; Gala Hern\u00e1ndez L\u00f3pez<\/strong><\/h4>\n\n\n\n<div class=\"wp-block-group\"><div class=\"wp-block-group__inner-container is-layout-flow wp-block-group-is-layout-flow\">\n<p><strong>Coordination de la section \u00ab&nbsp;La fabrique du post-cin\u00e9ma. Entretiens&nbsp;\u00bb<\/strong>  <br>Johan Lano\u00e9<\/p>\n<\/div><\/div>\n\n\n\n<hr class=\"wp-block-separator has-css-opacity is-style-wide\"\/>\n\n\n\n<h2 class=\"wp-block-heading\"><\/h2>\n\n\n\n<p>Le troisi\u00e8me num\u00e9ro de la revue&nbsp;<em>Images secondes&nbsp;<\/em>souhaite interroger le potentiel heuristique et critique de la notion de \u00ab&nbsp;post-cin\u00e9ma&nbsp;\u00bb. Nous reconnaissons&nbsp;avec Shane Denson et Julia Leyda que si les m\u00e9dias connect\u00e9s num\u00e9riques concernent \u00ab l&rsquo;\u00e9mergence d&rsquo;une nouvelle structure de perception ou \u00e9pist\u00e9m\u00e8, de nouvelles formes d&rsquo;affects et de sensibilit\u00e9s \u00bb, alors \u00ab les formats et m\u00e9thodes acad\u00e9miques traditionnels risquent de ne pas apporter de r\u00e9ponses ad\u00e9quates \u00bb aux questions qu&rsquo;ils soul\u00e8vent (Denson &amp; Leyda, 2016 : 6).<br>C&rsquo;est pourquoi le num\u00e9ro, r\u00e9solument transdisciplinaire, explore \u00e9galement&nbsp;le potentiel \u00e9pist\u00e9mologique de la recherche-cr\u00e9ation&nbsp;: les articles adoptent divers formats, de l&rsquo;article \u00e9crit au podcast, de l&rsquo;essai vid\u00e9o au site web interactif.&nbsp;Sans aspirer \u00e0 en proposer une d\u00e9finition unique, les treize contributions et quatre entretiens explorent ce que la notion de \u00ab&nbsp;post-cin\u00e9ma&nbsp;\u00bb permet de saisir du moment audiovisuel que nous traversons, et invite \u00e0 sonder les continuit\u00e9s, filiations et ruptures entre le septi\u00e8me art et les nouveaux m\u00e9dias audiovisuels.<\/p>\n\n\n\n<h2 class=\"wp-block-heading\"><\/h2>\n\n\n\n<hr class=\"wp-block-separator has-css-opacity is-style-wide\"\/>\n\n\n\n<h5 class=\"wp-block-heading has-vivid-red-color has-text-color has-link-color wp-elements-be051d5e12247407feb34bcb11278121\" id=\"sommaire\"><strong>SOMMAIRE<\/strong><\/h5>\n\n\n\n<h5 class=\"wp-block-heading has-vivid-red-color has-text-color has-link-color has-medium-font-size wp-elements-48b3d47b2a48374df27044f37848b40e\"><strong>\u00c9DITORIAL<\/strong><\/h5>\n\n\n\n<p><strong>Chlo\u00e9 Galibert-La\u00een\u00e9 &amp; Gala Hern\u00e1ndez L\u00f3pez <\/strong> <a href=\"http:\/\/imagessecondes.fr\/index.php\/2022\/02\/16\/is3-introduction\" target=\"_blank\" rel=\"noreferrer noopener\"><span style=\"color: ; outline: none;\">Introduction<\/span><\/a><\/p>\n\n\n\n<div style=\"height:3px\" aria-hidden=\"true\" class=\"wp-block-spacer\"><\/div>\n\n\n\n<h3 class=\"wp-block-heading has-vivid-red-color has-text-color has-link-color has-medium-font-size wp-elements-82860d93b55fc2e47cdb5cbf21520e32\" id=\"formes-et-poetiques-du-post-cinema\"><strong>FORMES ET PO\u00c9TIQUES DU POST-CIN\u00c9MA<\/strong><\/h3>\n\n\n\n<p class=\"has-black-color has-text-color\"><strong>Ariane Papillon<\/strong> <a rel=\"noreferrer noopener\" href=\"http:\/\/imagessecondes.fr\/index.php\/2022\/02\/16\/papillon\" target=\"_blank\"><mark style=\"background-color:rgba(0, 0, 0, 0);color:#020506\" class=\"has-inline-color\"><em><span style=\"color: ; outline: none;\">\u0152il pour \u0153il<\/span><\/em><\/mark><\/a><\/p>\n\n\n\n<p><strong>Joseph Minster &amp; Cl\u00e9ment Schneider&nbsp;<\/strong><a href=\"http:\/\/imagessecondes.fr\/index.php\/2022\/02\/16\/minster-schneider\" target=\"_blank\" rel=\"noreferrer noopener\"><span style=\"color: ; outline: none;\">M\u00e9lancolie du toucher. R\u00e9flexions crois\u00e9es autour d\u2019un film de confinement<\/span><\/a><\/p>\n\n\n\n<p><strong>Diego Gachadouat Ranz<\/strong> <a href=\"http:\/\/imagessecondes.fr\/index.php\/2022\/02\/16\/gachadouat-ranz\" target=\"_blank\" rel=\"noreferrer noopener\"><span style=\"color: ; outline: none;\">Le dos de l\u2019avatar au cin\u00e9ma<\/span><\/a><\/p>\n\n\n\n<p><strong>Alexandre Zaezjev <\/strong><a href=\"http:\/\/imagessecondes.fr\/index.php\/2022\/02\/16\/zaezjev\" target=\"_blank\" rel=\"noreferrer noopener\"><span style=\"color: outline: none;\">H\u00e9t\u00e9rotopie<em> DAU<\/em>. Vers une analyse spatiale&nbsp;du post-cin\u00e9ma<\/span><\/a><\/p>\n\n\n\n<p><strong>Oriane Morriet <\/strong><a href=\"http:\/\/imagessecondes.fr\/index.php\/2022\/02\/16\/morriet\" target=\"_blank\" rel=\"noreferrer noopener\"><span style=\"color: ; outline: none;\">La r\u00e9alit\u00e9 virtuelle : des r\u00e9alit\u00e9s virtuelles&nbsp;? R\u00e9flexion sur la pluralit\u00e9 des exp\u00e9riences utilisant les technologies de la r\u00e9alit\u00e9 virtuelle<\/span><\/a><\/p>\n\n\n\n<div style=\"height:3px\" aria-hidden=\"true\" class=\"wp-block-spacer\"><\/div>\n\n\n\n<h3 class=\"wp-block-heading has-vivid-red-color has-text-color has-link-color has-medium-font-size wp-elements-c838466c6dc82907b6721d8720639433\" id=\"reappropriations-remontages-remixes-des-pratiques-spectatorielles-post-cinematiques\"><strong>R\u00c9APPROPRIATIONS, REMONTAGES, REMIXES : DES PRATIQUES SPECTATORIELLES POST-CIN\u00c9MATIQUES ?<\/strong><\/h3>\n\n\n\n<p><strong>Anouk Ph\u00e9line <\/strong><a href=\"http:\/\/imagessecondes.fr\/index.php\/2022\/02\/16\/pheline\" target=\"_blank\" rel=\"noreferrer noopener\"><span style=\"color: outline: none;\"><em>Regard contre regard<\/em>. Revoir <em>Voyage en Italie<\/em><\/span><\/a><\/p>\n\n\n\n<p><strong>Alice Monin<\/strong> <a href=\"http:\/\/imagessecondes.fr\/index.php\/2022\/02\/16\/monin\" target=\"_blank\" rel=\"noreferrer noopener\"><span style=\"color: ; outline: none;\">Le collectionneur de fragments cin\u00e9matographiques<\/span><\/a><\/p>\n\n\n\n<p><strong>St\u00e9phanie Marty<\/strong> <a rel=\"noreferrer noopener\" href=\"http:\/\/imagessecondes.fr\/index.php\/2022\/02\/16\/marty\" target=\"_blank\"><span style=\"color: ; outline: none;\"><em>Acting, hauls, challenges, pranks&nbsp;<\/em>: Panorama et enjeux des contenus post-cin\u00e9matiques produits par les<em> Tik Tokeur\u00b7se\u00b7s <\/em>sur <em>Le Roi Lion<\/em><\/span><\/a><\/p>\n\n\n\n<p><strong>Szilvia Ruszev <\/strong><a rel=\"noreferrer noopener\" href=\"http:\/\/imagessecondes.fr\/index.php\/2022\/02\/16\/ruszev\" target=\"_blank\"><span style=\"color: ; outline: none;\">Mental and Material images of Contemporary Capitalism<\/span><\/a><strong> <\/strong>(en anglais)<\/p>\n\n\n\n<div style=\"height:3px\" aria-hidden=\"true\" class=\"wp-block-spacer\"><\/div>\n\n\n\n<h3 class=\"wp-block-heading has-vivid-red-color has-text-color has-link-color has-medium-font-size wp-elements-5797449984af4836349253ac95170ec2\" id=\"pespectives-archeologiques\"><strong>PESPECTIVES ARCH\u00c9OLOGIQUES<\/strong><\/h3>\n\n\n\n<p><strong>Ad\u00e8le Yon<\/strong> <a rel=\"noreferrer noopener\" href=\"http:\/\/imagessecondes.fr\/index.php\/2022\/02\/16\/yon\" target=\"_blank\"><span style=\"color: ; outline: none;\">La cage de verre d\u2019Alexandre : une <em>arch\u00e9<\/em> du post-cin\u00e9ma ?<\/span><\/a><\/p>\n\n\n\n<p><strong>Arnaud Widenda\u00eble<\/strong> <a href=\"http:\/\/imagessecondes.fr\/index.php\/2022\/02\/16\/widendaele\/\" target=\"_blank\" rel=\"noreferrer noopener\"><span style=\"color: ; outline: none;\">Le post cin\u00e9ma \u00e0 l\u2019\u00e9preuve des films \u00e9lectroniques<\/span><\/a><\/p>\n\n\n\n<p><strong>Philipp Stadelmaier<\/strong> <a href=\"http:\/\/imagessecondes.fr\/index.php\/2022\/02\/16\/stadelmaier\/\" target=\"_blank\" rel=\"noreferrer noopener\"><span style=\"color: outline: none;\">\u00c0 l\u2019\u00e8re du commentaire. Le <em>Livre d\u2019image<\/em> et les <em>Histoire(s) du<\/em> (post-)<em>cin\u00e9ma<\/em> de Jean-Luc Godard<\/span><\/a><\/p>\n\n\n\n<p><strong>Gabriel Menotti<\/strong> <a rel=\"noreferrer noopener\" href=\"http:\/\/imagessecondes.fr\/index.php\/2022\/02\/16\/menotti\" target=\"_blank\"><span style=\"color: ; outline: none;\">Always already post: subaltern epistemologies in cinema curation<\/span><\/a><strong> <\/strong>(en anglais)<\/p>\n\n\n\n<div style=\"height:3px\" aria-hidden=\"true\" class=\"wp-block-spacer\"><\/div>\n\n\n\n<h3 class=\"wp-block-heading has-vivid-red-color has-text-color has-link-color has-medium-font-size wp-elements-bc2a2a2ebb47de16bc9956664664fbf9\" id=\"la-fabrique-du-post-cinema-entretiens\"><strong>LA FABRIQUE DU POST-CIN\u00c9MA. ENTRETIENS<\/strong><\/h3>\n\n\n\n<p><a href=\"http:\/\/imagessecondes.fr\/index.php\/2022\/02\/16\/chandoutis\" target=\"_blank\" rel=\"noreferrer noopener\"><span style=\"color: ; outline: none;\">Le r\u00e9el, le <em>fake <\/em>et l&rsquo;humain<\/span><\/a> <strong>Entretien avec Isma\u00ebl Joffroy Chandoutis<\/strong><\/p>\n\n\n\n<p><a href=\"http:\/\/imagessecondes.fr\/index.php\/2022\/02\/16\/stemmer\" target=\"_blank\" rel=\"noreferrer noopener\"><span style=\"color: ; outline: none;\">Pointer du bout de la souris<\/span><\/a> <strong>Entretien avec Gabrielle Stemmer<\/strong><\/p>\n\n\n\n<p><a rel=\"noreferrer noopener\" href=\"http:\/\/imagessecondes.fr\/index.php\/2022\/02\/16\/kruse\" target=\"_blank\"><span style=\"color: ; outline: none;\">Des images cach\u00e9es en plein jour<\/span><\/a> <strong>Entretien avec Stefan Kruse <\/strong>(en anglais)<\/p>\n\n\n\n<p><a rel=\"noreferrer noopener\" href=\"http:\/\/imagessecondes.fr\/index.php\/2022\/02\/16\/carvalho\" target=\"_blank\"><span style=\"color: ; outline: none;\">\u00c9tudier la publicit\u00e9, c&rsquo;est observer ce qui \u00e9chappe \u00e0 notre contr\u00f4le<\/span><\/a> <strong>Entretien avec Ernesto de Carvalho<\/strong><\/p>\n\n\n\n<h2 class=\"wp-block-heading\"><\/h2>\n\n\n\n<hr class=\"wp-block-separator has-css-opacity is-style-wide\"\/>\n\n\n\n<h2 class=\"wp-block-heading\"><\/h2>\n\n\n\n<p>Lire les biographies des contributeurices et consulter le comit\u00e9 scientifique <a rel=\"noreferrer noopener\" href=\"http:\/\/imagessecondes.fr\/index.php\/contributeurs-03-2022-post-cinema\/\" target=\"_blank\"><strong>ici<\/strong><\/a>.<\/p>\n","protected":false},"excerpt":{"rendered":"<p>R\u00e9dactrices en chef du num\u00e9roChlo\u00e9 Galibert-La\u00een\u00e9 &amp; Gala Hern\u00e1ndez L\u00f3pez Coordination de la section \u00ab&nbsp;La fabrique du post-cin\u00e9ma. Entretiens&nbsp;\u00bb Johan Lano\u00e9 Le troisi\u00e8me num\u00e9ro de la revue&nbsp;Images secondes&nbsp;souhaite interroger le potentiel heuristique et critique de la notion de \u00ab&nbsp;post-cin\u00e9ma&nbsp;\u00bb. Nous reconnaissons&nbsp;avec Shane Denson et Julia Leyda que si les m\u00e9dias connect\u00e9s num\u00e9riques concernent \u00ab l&rsquo;\u00e9mergence<\/p>\n","protected":false},"author":3,"featured_media":0,"parent":0,"menu_order":0,"comment_status":"closed","ping_status":"closed","template":"","meta":{"_exactmetrics_skip_tracking":false,"_exactmetrics_sitenote_active":false,"_exactmetrics_sitenote_note":"","_exactmetrics_sitenote_category":0,"footnotes":""},"class_list":["post-2236","page","type-page","status-publish","hentry"],"jetpack_shortlink":"https:\/\/wp.me\/P9TfUI-A4","jetpack_sharing_enabled":true,"_links":{"self":[{"href":"https:\/\/imagessecondes.fr\/index.php\/wp-json\/wp\/v2\/pages\/2236","targetHints":{"allow":["GET"]}}],"collection":[{"href":"https:\/\/imagessecondes.fr\/index.php\/wp-json\/wp\/v2\/pages"}],"about":[{"href":"https:\/\/imagessecondes.fr\/index.php\/wp-json\/wp\/v2\/types\/page"}],"author":[{"embeddable":true,"href":"https:\/\/imagessecondes.fr\/index.php\/wp-json\/wp\/v2\/users\/3"}],"replies":[{"embeddable":true,"href":"https:\/\/imagessecondes.fr\/index.php\/wp-json\/wp\/v2\/comments?post=2236"}],"version-history":[{"count":81,"href":"https:\/\/imagessecondes.fr\/index.php\/wp-json\/wp\/v2\/pages\/2236\/revisions"}],"predecessor-version":[{"id":6962,"href":"https:\/\/imagessecondes.fr\/index.php\/wp-json\/wp\/v2\/pages\/2236\/revisions\/6962"}],"wp:attachment":[{"href":"https:\/\/imagessecondes.fr\/index.php\/wp-json\/wp\/v2\/media?parent=2236"}],"curies":[{"name":"wp","href":"https:\/\/api.w.org\/{rel}","templated":true}]}}