{"id":2145,"date":"2020-03-01T16:24:50","date_gmt":"2020-03-01T15:24:50","guid":{"rendered":"http:\/\/imagessecondes.fr\/?page_id=2145"},"modified":"2024-12-14T16:49:06","modified_gmt":"2024-12-14T15:49:06","slug":"01-2018-danse-cinema-la-recherche-en-mouvement","status":"publish","type":"page","link":"https:\/\/imagessecondes.fr\/index.php\/01-2018-danse-cinema-la-recherche-en-mouvement\/","title":{"rendered":"01 | 2018 Danse &#038; cin\u00e9ma, la recherche en mouvement"},"content":{"rendered":"<h5><span style=\"color: #cf2e2e;\">R\u00e9dactrices en chef du num\u00e9ro<\/span><br \/>\n<strong><span style=\"color: #cf2e2e;\">Marion Carrot &amp; Sophie Walon<\/span><\/strong><\/h5>\n<hr \/>\n<p><strong>Du corps en particulier<\/strong><\/p>\n<p>Prenant \u00e0 bras le corps l\u2019ouverture disciplinaire et le d\u00e9centrement territorial que nous souhaitons pour la revue, ce num\u00e9ro inaugural d\u2019<em>Images Secondes<\/em> interroge les rapports entre danse et cin\u00e9ma. Les corpus s\u2019\u00e9tendent de la fiction hollywoodienne aux essais exp\u00e9rimentaux en passant par des productions t\u00e9l\u00e9visuelles\u00a0; de la France des ann\u00e9es 1920 \u00e0 la Chine contemporaine en passant par la Rome de Fellini\u00a0; des \u00ab\u00a0danses serpentines\u00a0\u00bb \u00e0 la <em>street dance<\/em> en passant par le but\u00f4. Trois angles d\u2019\u00e9tude se d\u00e9gagent des contributions : ce que la danse raconte du monde lorsqu\u2019elle est int\u00e9gr\u00e9e au dispositif cin\u00e9matographique ; comment la logique chor\u00e9graphique infl\u00e9chit les modes de cr\u00e9ation et de r\u00e9ception des films ; quelles sont les sp\u00e9cificit\u00e9s et les porosit\u00e9s g\u00e9n\u00e9riques des \u00ab films de danse \u00bb. Ce premier num\u00e9ro se conclut par une valorisation d\u2019archives et de ressources \u00e9ditoriales internationales sur le sujet, actant la naissance d\u2019une nouvelle revue scientifique sur le cin\u00e9ma en mettant en mouvement les mat\u00e9riaux de la recherche. <span style=\"color: #cf2e2e;\"><a style=\"color: #cf2e2e;\" href=\"http:\/\/imagessecondes.fr\/index.php\/2018\/05\/05\/du-corps-en-particulier\/\">\u2192 Lire la suite <\/a><\/span><\/p>\n<hr \/>\n<h3><strong><span style=\"color: #cf2e2e;\">SOMMAIRE<\/span> <\/strong><\/h3>\n<h6><span style=\"color: #000000;\"><strong>\u00c9DITORIAL<\/strong><\/span><\/h6>\n<p><strong>Marion Carrot &amp; Sophie Walon <\/strong><span style=\"color: #cf2e2e;\"><a style=\"color: #cf2e2e;\" href=\"http:\/\/imagessecondes.fr\/index.php\/2018\/05\/05\/du-corps-en-particulier\/\">Du corps en particulier<\/a><\/span><\/p>\n<h6><strong><span style=\"color: #3d3d3d;\"><span style=\"color: #000000;\">DIRE LE MONDE EN MOUVEMENT<\/span><br \/>\n<\/span><\/strong><\/h6>\n<p><strong>Fanny Beur\u00e9 <\/strong><span style=\"color: #cf2e2e;\"><a style=\"color: #cf2e2e;\" href=\"http:\/\/imagessecondes.fr\/index.php\/2018\/05\/12\/le-spectacle-de-lauthenticite-filmer-la-street-dance-dans-la-saga-step-up\/\">Le Spectacle de l\u2019authenticit\u00e9\u00a0: filmer la <em>street dance<\/em> dans la saga <em>Step Up<\/em><\/a><\/span><\/p>\n<p><strong>Emmanuel Cano<\/strong> <span style=\"color: #cf2e2e;\"><a style=\"color: #cf2e2e;\" href=\"http:\/\/imagessecondes.fr\/index.php\/2018\/06\/23\/jia-zhang-ke\/\">La Danse et la mutation. Figures de la danse dans le cin\u00e9ma de Jia Zhang-ke<\/a><\/span><\/p>\n<p><strong>St\u00e9phanie Hontang <\/strong><span style=\"color: #cf2e2e;\"><a style=\"color: #cf2e2e;\" href=\"http:\/\/imagessecondes.fr\/index.php\/2018\/06\/25\/danse-et-regards-dans-argentina-de-carlos-saura\/\">Danses et regards dans <em>Argentina<\/em> de Carlos Saura<\/a><\/span><\/p>\n<p><strong>Simon Daniellou<\/strong> <span style=\"color: #cf2e2e;\"><a style=\"color: #cf2e2e;\" href=\"http:\/\/imagessecondes.fr\/index.php\/2018\/06\/27\/hijikata-ishii\/\"><em>L\u2019Ankoku but\u014d <\/em>de Tatsumi Hijikata\u00a0: une attraction subversive au service du cin\u00e9ma <em>ero-guro<\/em> de Teruo Ishii<\/a><\/span><\/p>\n<h6><strong><span style=\"color: #000000;\">REPENSER LE GESTE CIN\u00c9MATOGRAPHIQUE<\/span><br \/>\n<\/strong><\/h6>\n<p><strong>Marina Vargau<\/strong> <span style=\"color: #cf2e2e;\"><a style=\"color: #cf2e2e;\" href=\"http:\/\/imagessecondes.fr\/index.php\/2018\/06\/28\/attractions-danse-et-cinema-dans-la-rome-de-federico-fellini\/\">Attractions, danse et cin\u00e9ma dans la Rome de Federico Fellini<\/a><\/span><\/p>\n<p><strong>B\u00e1rbara Janicas<\/strong> <span style=\"color: #cf2e2e;\"><a style=\"color: #cf2e2e;\" href=\"http:\/\/imagessecondes.fr\/index.php\/2018\/05\/13\/evocations-de-la-danse-dans-les-theories-de-germaine-dulac\/\" target=\"_blank\" rel=\"noopener noreferrer\">\u00c9vocations de la danse dans les th\u00e9ories de Germaine Dulac<\/a><\/span><\/p>\n<p><span style=\"color: #000000;\"><span style=\"color: #333333;\"><strong>Johanna Renard<\/strong><\/span> <span style=\"color: #cf2e2e;\"><a style=\"color: #cf2e2e;\" href=\"http:\/\/imagessecondes.fr\/index.php\/2018\/06\/21\/un-cinema-corporeel-la-danse-dans-les-films-dyvonne-rainer-1960-1980\/\">Un cin\u00e9ma corpor\u00e9el : la danse dans les films d\u2019Yvonne Rainer (197<\/a><\/span><\/span><span style=\"color: #cf2e2e;\">0-1980)<\/span><\/p>\n<p><strong>St\u00e9phanie Herfeld<\/strong> <span style=\"color: #cf2e2e;\"><a style=\"color: #cf2e2e;\" href=\"http:\/\/imagessecondes.fr\/index.php\/2018\/06\/25\/marie-menken-et-trisha-brown-une-pensee-a-loeuvre\/\">Marie Menken et Trisha Brown, une pens\u00e9e \u00e0 l\u2019\u0153uvre<\/a><\/span><\/p>\n<div class=\"page\" title=\"Page 1\">\n<div class=\"section\">\n<div class=\"layoutArea\">\n<div class=\"column\">\n<h6><strong>UN GENRE DE FILM<br \/>\n<\/strong><\/h6>\n<p><strong>Blas Payri\u00a0<\/strong><span style=\"color: #cf2e2e;\"><a style=\"color: #cf2e2e;\" href=\"http:\/\/imagessecondes.fr\/index.php\/2018\/06\/26\/fonctions-et-relations-de-la-musique-dans-le-film-de-danse\/\">Caract\u00e9ristiques et fonctions de la musique et du son dans la vid\u00e9odanse<\/a><\/span><\/p>\n<p><strong>Javier Ram\u00edrez Serrano<\/strong> <span style=\"color: #cf2e2e;\"><a style=\"color: #cf2e2e;\" href=\"http:\/\/imagessecondes.fr\/index.php\/2018\/06\/03\/choregraphies-aux-ceremonies-olympiques-en-tant-que-films-de-danse\/\" target=\"_blank\" rel=\"noopener noreferrer\">Les Chor\u00e9graphies des c\u00e9r\u00e9monies olympiques, des films de danse<\/a><\/span><\/p>\n<p><strong>Aude Thuries<\/strong> <span style=\"color: #cf2e2e;\"><a style=\"color: #cf2e2e;\" href=\"http:\/\/imagessecondes.fr\/index.php\/2018\/06\/18\/les-films-de-super-heros-sont-ils-des-films-de-danse\/\">Les Films de super-h\u00e9ros sont-ils des films de danse ?<\/a><\/span><\/p>\n<div class=\"page\" title=\"Page 1\">\n<div class=\"section\">\n<div class=\"layoutArea\">\n<div class=\"column\">\n<h6><span style=\"color: #000000;\"><strong>RESSOURCES<\/strong><\/span><\/h6>\n<div class=\"page\" title=\"Page 1\">\n<div class=\"section\">\n<div class=\"layoutArea\">\n<div class=\"column\">\n<p><strong>Elisa Uffreduzzi<\/strong> <a href=\"http:\/\/imagessecondes.fr\/index.php\/2018\/06\/28\/danse-et-orientalisme-dans-le-cinema-muet-italien\/\"><span style=\"color: #ff5e3a;\"><span style=\"color: #cf2e2e;\">Danse et orientalisme dans le cin\u00e9ma muet italien<\/span><\/span><\/a><\/p>\n<p><strong>Laurent Bismuth et Pierrette Lemoigne<\/strong> <span style=\"color: #cf2e2e;\"><a style=\"color: #cf2e2e;\" href=\"http:\/\/imagessecondes.fr\/index.php\/2018\/05\/19\/la-danse-dans-les-collections-du-cnc\/\" target=\"_blank\" rel=\"noopener noreferrer\">La Danse dans les collections du CNC<\/a><\/span><\/p>\n<p><strong>Ximena Monroy Rocha &amp; Paulina Ruiz Carballido<\/strong>\u00a0 <span style=\"color: #cf2e2e;\"><a style=\"color: #cf2e2e;\" href=\"http:\/\/imagessecondes.fr\/index.php\/2018\/06\/28\/la-creation-hybride-en-videodanse\/\"><em>La Cr\u00e9ation hybride en vid\u00e9odanse<\/em>, une collection mexicaine et internationale<\/a><\/span><\/p>\n<\/div>\n<\/div>\n<\/div>\n<\/div>\n<\/div>\n<\/div>\n<\/div>\n<\/div>\n<\/div>\n<\/div>\n<\/div>\n<\/div>\n","protected":false},"excerpt":{"rendered":"<p>R\u00e9dactrices en chef du num\u00e9ro Marion Carrot &amp; Sophie Walon Du corps en particulier Prenant \u00e0 bras le corps l\u2019ouverture disciplinaire et le d\u00e9centrement territorial que nous souhaitons pour la revue, ce num\u00e9ro inaugural d\u2019Images Secondes interroge les rapports entre danse et cin\u00e9ma. Les corpus s\u2019\u00e9tendent de la fiction hollywoodienne aux essais exp\u00e9rimentaux en passant<\/p>\n","protected":false},"author":3,"featured_media":0,"parent":0,"menu_order":0,"comment_status":"closed","ping_status":"closed","template":"","meta":{"_exactmetrics_skip_tracking":false,"_exactmetrics_sitenote_active":false,"_exactmetrics_sitenote_note":"","_exactmetrics_sitenote_category":0,"footnotes":""},"class_list":["post-2145","page","type-page","status-publish","hentry"],"jetpack_shortlink":"https:\/\/wp.me\/P9TfUI-yB","jetpack_sharing_enabled":true,"_links":{"self":[{"href":"https:\/\/imagessecondes.fr\/index.php\/wp-json\/wp\/v2\/pages\/2145","targetHints":{"allow":["GET"]}}],"collection":[{"href":"https:\/\/imagessecondes.fr\/index.php\/wp-json\/wp\/v2\/pages"}],"about":[{"href":"https:\/\/imagessecondes.fr\/index.php\/wp-json\/wp\/v2\/types\/page"}],"author":[{"embeddable":true,"href":"https:\/\/imagessecondes.fr\/index.php\/wp-json\/wp\/v2\/users\/3"}],"replies":[{"embeddable":true,"href":"https:\/\/imagessecondes.fr\/index.php\/wp-json\/wp\/v2\/comments?post=2145"}],"version-history":[{"count":15,"href":"https:\/\/imagessecondes.fr\/index.php\/wp-json\/wp\/v2\/pages\/2145\/revisions"}],"predecessor-version":[{"id":6948,"href":"https:\/\/imagessecondes.fr\/index.php\/wp-json\/wp\/v2\/pages\/2145\/revisions\/6948"}],"wp:attachment":[{"href":"https:\/\/imagessecondes.fr\/index.php\/wp-json\/wp\/v2\/media?parent=2145"}],"curies":[{"name":"wp","href":"https:\/\/api.w.org\/{rel}","templated":true}]}}