{"id":1210,"date":"2018-05-13T18:20:57","date_gmt":"2018-05-13T16:20:57","guid":{"rendered":"http:\/\/imagessecondes.fr\/?page_id=1210"},"modified":"2018-06-28T09:15:25","modified_gmt":"2018-06-28T07:15:25","slug":"mentions-legales","status":"publish","type":"page","link":"https:\/\/imagessecondes.fr\/index.php\/mentions-legales\/","title":{"rendered":"Mentions l\u00e9gales"},"content":{"rendered":"<p>&nbsp;<\/p>\n<h6><strong>Mentions l\u00e9gales<\/strong><\/h6>\n<p><strong>Editeur<\/strong><\/p>\n<p>Association <em>Images Secondes<\/em><br \/>\nAssociation Loi 1901<br \/>\nSi\u00e8ge social : 26 rue des rosiers 75004 Paris<br \/>\n<a href=\"mailto:contact@imagessecondes.fr\" target=\"_blank\" rel=\"noopener\">Nous contacter<\/a><\/p>\n<p><strong>H\u00e9bergement<\/strong><\/p>\n<p>Ce site Internet est h\u00e9berg\u00e9 par la soci\u00e9t\u00e9 OVH<br \/>\nSi\u00e8ge social : 2 rue Kellermann &#8211; 59100 Roubaix &#8211; France<br \/>\nOvh.com<\/p>\n<p><strong>Informatique et libert\u00e9s<\/strong><\/p>\n<p>Conform\u00e9ment \u00e0 la loi Informatique et Libert\u00e9s du 6 janvier 1978, vous disposez d\u2019un droit d\u2019acc\u00e8s, d\u2019opposition et de rectification de donn\u00e9es vous concernant. Ce droit s\u2019exerce par voie postale, en justifiant de<br \/>\nson identit\u00e9, \u00e0 l\u2019adresse suivante :<br \/>\nImages Secondes, 26 rue des Rosiers 75004 Paris<\/p>\n<p>Lors de visites sur le site, des cookies peuvent s\u2019installer automatiquement sur votre ordinateur.Il s\u2019ag\u00eet de blocs de donn\u00e9es ne contenant pas d\u2019informations personnelles mais qui permettent de m\u00e9moriser des informations relatives \u00e0 votre navigation. En param\u00e9trant votre navigateur, vous pouvez accepter ou rejeter les cookies.<\/p>\n<p><strong>Droit d\u2019auteur et propri\u00e9t\u00e9 intellectuelle<\/strong><\/p>\n<p>L\u2019ensemble du site rel\u00e8ve des l\u00e9gislations fran\u00e7aises et internationales applicables en mati\u00e8re de droit d\u2019auteur et plus g\u00e9n\u00e9ralement de propri\u00e9t\u00e9 intellectuelle selon l\u2019article L.122-5 du Code de la propri\u00e9t\u00e9 intellectuelle,<br \/>\nmodifi\u00e9 par Loi n\u00b02006-961 du 1 ao\u00fbt 2006 .<\/p>\n<p>Tous les droits de reproduction et de repr\u00e9sentation sont r\u00e9serv\u00e9s, y compris ceux relatifs aux documents t\u00e9l\u00e9chargeables et aux \u00e9l\u00e9ments iconographiques et photographique.<\/p>\n<p><strong>Droits de reproduction <\/strong><\/p>\n<p class=\"texte\">Le principe de la courte citation doit \u00eatre respect\u00e9 sous r\u00e9serve d\u2019en mentionner l\u2019origine par un lien vers la page cit\u00e9e (ou, \u00e0 d\u00e9faut, la page d\u2019accueil) ou, dans le cas d\u2019une reproduction sur support physique, par la mention de l\u2019auteur et de l\u2019adresse URL de la page cit\u00e9e.<\/p>\n<p class=\"texte\">Toute autre reproduction ou repr\u00e9sentation, int\u00e9grale ou substantielle, d\u2019un contenu de ce site, par quelque proc\u00e9d\u00e9 que ce soit, doit faire l\u2019objet d\u2019une autorisation explicite de la revue <em>Images Secondes.<br \/>\n<\/em><\/p>\n<p>Pour toute demande sp\u00e9cifique merci de <a href=\"mailto: contact@imagessecondes.fr\">nous contacter<\/a><\/p>\n<p><strong>Limitation de responsabilit\u00e9<\/strong><\/p>\n<p>L\u2019exactitude, la pr\u00e9cision, l\u2019actualisation ou l\u2019exhaustivit\u00e9 des informations mises \u00e0 disposition sur ce site ne peuvent \u00eatre garanties par la revue <em>Images Secondes<\/em>. En cons\u00e9quence, la revue d\u00e9cline toute<br \/>\nresponsabilit\u00e9 au regard d\u2019\u00e9ventuelles impr\u00e9cisions, inexactitudes ou omissions portant sur les informations diffus\u00e9es.<\/p>\n<p>La revue <em>Images Secondes<\/em> n\u2019est pas responsable en cas de suspension des fonctionnalit\u00e9s ou de la pr\u00e9sence de failles de s\u00e9curit\u00e9 sur son site.<\/p>\n<p>Les liens hypertextes permettant d\u2019acc\u00e9der \u00e0 d\u2019autres<br \/>\nsites Web, ne sauraient engager la responsabilit\u00e9 de la revue en ce qui concerne le contenu de ces derniers.<\/p>\n<p><strong>Cr\u00e9ation et gestion du site<br \/>\n<\/strong><\/p>\n<p>Images Secondes<\/p>\n","protected":false},"excerpt":{"rendered":"<p>&nbsp; Mentions l\u00e9gales Editeur Association Images Secondes Association Loi 1901 Si\u00e8ge social : 26 rue des rosiers 75004 Paris Nous contacter H\u00e9bergement Ce site Internet est h\u00e9berg\u00e9 par la soci\u00e9t\u00e9 OVH Si\u00e8ge social : 2 rue Kellermann &#8211; 59100 Roubaix &#8211; France Ovh.com Informatique et libert\u00e9s Conform\u00e9ment \u00e0 la loi Informatique et Libert\u00e9s du 6<\/p>\n","protected":false},"author":3,"featured_media":0,"parent":0,"menu_order":0,"comment_status":"closed","ping_status":"closed","template":"","meta":{"_exactmetrics_skip_tracking":false,"_exactmetrics_sitenote_active":false,"_exactmetrics_sitenote_note":"","_exactmetrics_sitenote_category":0,"footnotes":""},"class_list":["post-1210","page","type-page","status-publish","hentry"],"jetpack_shortlink":"https:\/\/wp.me\/P9TfUI-jw","jetpack_sharing_enabled":true,"_links":{"self":[{"href":"https:\/\/imagessecondes.fr\/index.php\/wp-json\/wp\/v2\/pages\/1210","targetHints":{"allow":["GET"]}}],"collection":[{"href":"https:\/\/imagessecondes.fr\/index.php\/wp-json\/wp\/v2\/pages"}],"about":[{"href":"https:\/\/imagessecondes.fr\/index.php\/wp-json\/wp\/v2\/types\/page"}],"author":[{"embeddable":true,"href":"https:\/\/imagessecondes.fr\/index.php\/wp-json\/wp\/v2\/users\/3"}],"replies":[{"embeddable":true,"href":"https:\/\/imagessecondes.fr\/index.php\/wp-json\/wp\/v2\/comments?post=1210"}],"version-history":[{"count":4,"href":"https:\/\/imagessecondes.fr\/index.php\/wp-json\/wp\/v2\/pages\/1210\/revisions"}],"predecessor-version":[{"id":1762,"href":"https:\/\/imagessecondes.fr\/index.php\/wp-json\/wp\/v2\/pages\/1210\/revisions\/1762"}],"wp:attachment":[{"href":"https:\/\/imagessecondes.fr\/index.php\/wp-json\/wp\/v2\/media?parent=1210"}],"curies":[{"name":"wp","href":"https:\/\/api.w.org\/{rel}","templated":true}]}}